{"id":4679,"date":"2021-12-20T13:20:10","date_gmt":"2021-12-20T12:20:10","guid":{"rendered":"https:\/\/hexanova.pl\/?page_id=4679"},"modified":"2021-12-20T13:27:02","modified_gmt":"2021-12-20T12:27:02","slug":"procto-zaceng-2","status":"publish","type":"page","link":"https:\/\/hexanova.pl\/en\/procto-zaceng-2\/","title":{"rendered":"Procto-zac<sup>\u00ae<\/sup> MemeThol Barrier Spray"},"content":{"rendered":"<div id='full_slider_1'  class='avia-fullwidth-slider main_color avia-shadow   avia-builder-el-0  el_before_av_heading  avia-builder-el-first   container_wrap sidebar_left'  ><div  class='avia-slideshow av-5bf509-f5e9e7daa01df85e6bf962a5b84a0057 avia-slideshow-featured av_slideshow_full avia-slide-slider av-slideshow-ui av-control-default av-slideshow-manual av-loop-once av-loop-manual-endless av-default-height-applied   avia-slideshow-1' data-slideshow-options=\"{&quot;animation&quot;:&quot;slide&quot;,&quot;autoplay&quot;:false,&quot;loop_autoplay&quot;:&quot;once&quot;,&quot;interval&quot;:5,&quot;loop_manual&quot;:&quot;manual-endless&quot;,&quot;autoplay_stopper&quot;:false,&quot;noNavigation&quot;:false,&quot;bg_slider&quot;:false,&quot;keep_padding&quot;:false,&quot;hoverpause&quot;:false,&quot;show_slide_delay&quot;:0}\"  itemprop=\"image\" itemscope=\"itemscope\" itemtype=\"https:\/\/schema.org\/ImageObject\" ><ul class='avia-slideshow-inner ' style='padding-bottom: 28.666666666667%;'><li  class='avia-slideshow-slide av-5bf509-f5e9e7daa01df85e6bf962a5b84a0057__0  av-single-slide slide-1 slide-odd'><div data-rel='slideshow-1' class='avia-slide-wrap '   ><img decoding=\"async\" fetchpriority=\"high\" class=\"wp-image-4683 avia-img-lazy-loading-not-4683\"  src=\"https:\/\/hexanova.pl\/wp-content\/uploads\/2021\/04\/procto-zac-memthe-1500x430.jpg\" width=\"1500\" height=\"430\" title='procto-zac-memthe' alt=''  itemprop=\"thumbnailUrl\" srcset=\"https:\/\/hexanova.pl\/wp-content\/uploads\/2021\/04\/procto-zac-memthe.jpg 1500w, https:\/\/hexanova.pl\/wp-content\/uploads\/2021\/04\/procto-zac-memthe-300x86.jpg 300w, https:\/\/hexanova.pl\/wp-content\/uploads\/2021\/04\/procto-zac-memthe-1030x295.jpg 1030w, https:\/\/hexanova.pl\/wp-content\/uploads\/2021\/04\/procto-zac-memthe-768x220.jpg 768w, https:\/\/hexanova.pl\/wp-content\/uploads\/2021\/04\/procto-zac-memthe-705x202.jpg 705w\" sizes=\"(max-width: 1500px) 100vw, 1500px\" \/><\/div><\/li><\/ul><\/div><\/div><div id='after_full_slider_1'  class='main_color av_default_container_wrap container_wrap sidebar_left'  ><div class='container av-section-cont-open' ><div class='template-page content  av-content-small units'><div class='post-entry post-entry-type-page post-entry-4679'><div class='entry-content-wrapper clearfix'>\n\n<style type=\"text\/css\" data-created_by=\"avia_inline_auto\" id=\"style-css-av-av_heading-5f810c95c3b9cc56473e925d28170056\">\n#top .av-special-heading.av-av_heading-5f810c95c3b9cc56473e925d28170056{\npadding-bottom:10px;\n}\nbody .av-special-heading.av-av_heading-5f810c95c3b9cc56473e925d28170056 .av-special-heading-tag .heading-char{\nfont-size:25px;\n}\n.av-special-heading.av-av_heading-5f810c95c3b9cc56473e925d28170056 .av-subheading{\nfont-size:10px;\n}\n<\/style>\n<div  class='av-special-heading av-av_heading-5f810c95c3b9cc56473e925d28170056 av-special-heading-h1  avia-builder-el-1  el_after_av_slideshow_full  el_before_av_three_fourth  avia-builder-el-first '><h1 class='av-special-heading-tag '  itemprop=\"headline\"  >Procto-zac<sup>\u00ae<\/sup> MemeThol Barrier Spray<\/h1><div class=\"special-heading-border\"><div class=\"special-heading-inner-border\"><\/div><\/div><\/div>\n<div  class='flex_column av-1de6rmh-deb28f0f745338e66069e805fbab17d8 av_three_fourth  avia-builder-el-2  el_after_av_heading  el_before_av_one_fourth  first flex_column_div  '     ><div  class='tabcontainer av-1b1jzzd-9071bda2da4210e0525b766e0aaef08e sidebar_tab sidebar_tab_left  avia-builder-el-3  avia-builder-el-no-sibling  noborder_tabs'>\n<section class='av_tab_section av_tab_section av-av_tab-0595786a8d2486f592f21f8a28130d52'  itemscope=\"itemscope\" itemtype=\"https:\/\/schema.org\/CreativeWork\" ><div id='tab-id-1-tab' class='tab active_tab' role='tab' aria-selected=\"true\" tabindex=\"0\" data-fake-id='#tab-id-1' aria-controls='tab-id-1-content'  itemprop=\"headline\" >Co jest Procto-Zac&lt;sup&gt;\u00ae&lt;\/sup&gt; MemeThol Barrier Spray?<\/div><div id='tab-id-1-content' class='tab_content active_tab_content' role='tabpanel' aria-labelledby='tab-id-1-tab' aria-hidden=\"false\"><div class='tab_inner_content invers-color'  itemprop=\"text\" ><p>Procto-Zac<sup>\u00ae<\/sup> MemeThol Barrier Spray 10 ml to wyr\u00f3b medyczny przeznaczony w leczeniu:<\/p>\n<ul>\n<li><strong>Hemoroid\u00f3w I, II, III i IV stopnia<\/strong><\/li>\n<li><strong>szczelin odbytu<\/strong><\/li>\n<\/ul>\n<p style=\"font-weight: 400;\">Procto-Zac<sup>\u00ae<\/sup> MemeThol Barrier Spray to wyr\u00f3b medyczny przeznaczony w leczeniu objaw\u00f3w hemoroid\u00f3w i szczelin odbytu.<\/p>\n<ul style=\"font-weight: 400;\">\n<li>\u0141agodzi b\u00f3l i sw\u0119dzenie<\/li>\n<li>Zmniejsza obrz\u0119k<\/li>\n<li>Chroni podra\u017cnion\u0105 okolic\u0119 odbytu przed mikroorganizmami<\/li>\n<\/ul>\n<div style=\"width: 1500px;\" class=\"wp-video\"><!--[if lt IE 9]><script>document.createElement('video');<\/script><![endif]-->\n<video class=\"wp-video-shortcode\" id=\"video-4679-1\" width=\"1500\" height=\"844\" preload=\"metadata\" controls=\"controls\"><source type=\"video\/mp4\" src=\"https:\/\/hexanova.pl\/wp-content\/uploads\/2021\/07\/procto-zac.mp4?_=1\" \/><a href=\"https:\/\/hexanova.pl\/wp-content\/uploads\/2021\/07\/procto-zac.mp4\">https:\/\/hexanova.pl\/wp-content\/uploads\/2021\/07\/procto-zac.mp4<\/a><\/video><\/div>\n<p>Procto-Zac<sup>\u00ae<\/sup> hemoroidy<\/p>\n<p>Produkt chroniony patentem.<\/p>\n<p><img loading=\"lazy\" decoding=\"async\" class=\"alignnone size-full wp-image-4869\" src=\"https:\/\/hexanova.pl\/wp-content\/uploads\/2021\/05\/procto-zac-memethol-barrier-spray.png\" alt=\"\" width=\"155\" height=\"155\" srcset=\"https:\/\/hexanova.pl\/wp-content\/uploads\/2021\/05\/procto-zac-memethol-barrier-spray.png 155w, https:\/\/hexanova.pl\/wp-content\/uploads\/2021\/05\/procto-zac-memethol-barrier-spray-80x80.png 80w, https:\/\/hexanova.pl\/wp-content\/uploads\/2021\/05\/procto-zac-memethol-barrier-spray-36x36.png 36w\" sizes=\"auto, (max-width: 155px) 100vw, 155px\" \/><\/p>\n<\/div><\/div><\/section>\n<section class='av_tab_section av_tab_section av-803r8m-656256be4506518fcb9c0160754a5262'  itemscope=\"itemscope\" itemtype=\"https:\/\/schema.org\/CreativeWork\" ><div id='tab-id-2-tab' class='tab' role='tab' aria-selected=\"false\" tabindex=\"0\" data-fake-id='#tab-id-2' aria-controls='tab-id-2-content'  itemprop=\"headline\" >Jaki jest mechanizm dzia\u0142ania Procto-zac&lt;sup&gt;\u00ae&lt;\/sup&gt; Memethol Barrier Spray?<\/div><div id='tab-id-2-content' class='tab_content' role='tabpanel' aria-labelledby='tab-id-2-tab' aria-hidden=\"true\"><div class='tab_inner_content invers-color'  itemprop=\"text\" ><p>Substancj\u0105 czynn\u0105 w\u00a0 Procto -Zac<sup>\u00ae<\/sup> MemeThol Barrier Spray jest (1R,2S,5R)-2-izopropylo-5-metylocykloheksanol, wodorow\u0119glan sodu, 3,7-bis(dimetyloamino)feno-5-tioazynowy chlorowodorek, 1,2-propanediol, kt\u00f3ra aktywuje receptory TRPM8 na nerwach czuciowych i uk\u0142adzie naczyniowym, wywo\u0142uj\u0105c uczucie ch\u0142odu. To uruchamia syntaz\u0119 tlenku azotu w kom\u00f3rkach nab\u0142onka. Tlenek azotu przenika do kom\u00f3rek mi\u0119\u015bniowych i rozlu\u017ania mi\u0119\u015bnie naczy\u0144 krwiono\u015bnych, powoduj\u0105c rozszerzenie naczy\u0144 krwiono\u015bnych. Poniewa\u017c kr\u0105\u017cenie krwi jest przyspieszone, skrzeplina wyst\u0119puj\u0105ca wewn\u0105trz wypadania zaczyna ust\u0119powa\u0107.<\/p>\n<\/div><\/div><\/section>\n<section class='av_tab_section av_tab_section av-llx5i-6c0c0e274ac36a8105edac435949a838'  itemscope=\"itemscope\" itemtype=\"https:\/\/schema.org\/CreativeWork\" ><div id='tab-id-3-tab' class='tab' role='tab' aria-selected=\"false\" tabindex=\"0\" data-fake-id='#tab-id-3' aria-controls='tab-id-3-content'  itemprop=\"headline\" >Kiedy zastosowa\u0107 Procto-Zac&lt;sup&gt;\u00ae&lt;\/sup&gt; MemeThol Barrier Spray?<\/div><div id='tab-id-3-content' class='tab_content' role='tabpanel' aria-labelledby='tab-id-3-tab' aria-hidden=\"true\"><div class='tab_inner_content invers-color'  itemprop=\"text\" ><p>Procto -Zac<sup>\u00ae<\/sup> MemeThol Barrier Spray mo\u017ce by\u0107 stosowany przez osoby doros\u0142e, w celu zmniejszania i eliminacji dolegliwo\u015bci chorych cierpi\u0105cych na\u00a0<strong>hemoroidy II, III, IV stopnia<\/strong>\u00a0i<strong>\u00a0szczeliny odbytu<\/strong>, aby zapewni\u0107 normaln\u0105 jako\u015b\u0107 \u017cycia pacjenta.<\/p>\n<\/div><\/div><\/section>\n<section class='av_tab_section av_tab_section av-2v58g6-9c2d45da9dc1a8773bb6f96ffff346c3'  itemscope=\"itemscope\" itemtype=\"https:\/\/schema.org\/CreativeWork\" ><div id='tab-id-4-tab' class='tab' role='tab' aria-selected=\"false\" tabindex=\"0\" data-fake-id='#tab-id-4' aria-controls='tab-id-4-content'  itemprop=\"headline\" >Jak stosowa\u0107 Procto-Zac&lt;sup&gt;\u00ae&lt;\/sup&gt; \u017cel proktologiczny?<\/div><div id='tab-id-4-content' class='tab_content' role='tabpanel' aria-labelledby='tab-id-4-tab' aria-hidden=\"true\"><div class='tab_inner_content invers-color'  itemprop=\"text\" ><p><strong>Uwaga:<\/strong> Przed ka\u017cdym u\u017cyciem Procto-Zac\u00ae MemeThol Barrier Spray nale\u017cy dobrze wstrz\u0105sn\u0105\u0107 butelk\u0105.<\/p>\n<p><strong>W ka\u017cdym przypadku butelka musi by\u0107 trzymana w pozycji pionowej<\/strong>.<\/p>\n<p>Zaaplikuj miejscowo 8 razy (1 raz dziennie), jak najbli\u017cej odbytu. Unika\u0107 kontaktu ze stref\u0105 genitali\u00f3w. Przed ka\u017cdym u\u017cyciem dobrze wstrz\u0105sa\u0107 butelk\u0105 przez co najmniej 5-10 sekund \u2013 w przeciwnym razie efekty dzia\u0142ania mog\u0105 by\u0107 zmniejszone. Po aplikacji zaleca si\u0119 odczekanie 1-2 minut w pozycji siedz\u0105cej, aby preparat nie sp\u0142yn\u0105\u0142 i nie wszed\u0142 w kontakt ze stref\u0105 genitali\u00f3w. Po odczekaniu 1-2 min mo\u017cna z powrotem za\u0142o\u017cy\u0107 ubranie. Je\u017celi ubranie zostanie za\u0142o\u017cone bezpo\u015brednio po zaaplikowaniu wyrobu, mo\u017ce to spowodowa\u0107 ich zabrudzenie.<\/p>\n<p>W przypadku chorych na hemoroidy stopnia I i II zazwyczaj wystarczaj\u0105ca jest jedna butelka u Procto-Zac\u00ae Memethol\u00ae Barrier Spray.<\/p>\n<p>W przypadku hemoroid\u00f3w III i IV stopnia oraz chorych na szczeliny odbytu, nale\u017cy zastosowa\u0107 dwie butelki Procto-Zac\u00ae Memethol\u00ae Barrier Spray (bez przerwy w stosowaniu pomi\u0119dzy butelkami). Proces leczenia trwa jeszcze przez 20-30 dni. Efekty b\u0119d\u0105 widoczne po up\u0142ywie tego czasu.\u200b<\/p>\n<\/div><\/div><\/section>\n<section class='av_tab_section av_tab_section av-2uc32e-0dcb80e4f69fcfce19b5adade7a68a58'  itemscope=\"itemscope\" itemtype=\"https:\/\/schema.org\/CreativeWork\" ><div id='tab-id-5-tab' class='tab' role='tab' aria-selected=\"false\" tabindex=\"0\" data-fake-id='#tab-id-5' aria-controls='tab-id-5-content'  itemprop=\"headline\" >Ostrze\u017cenia<\/div><div id='tab-id-5-content' class='tab_content' role='tabpanel' aria-labelledby='tab-id-5-tab' aria-hidden=\"true\"><div class='tab_inner_content invers-color'  itemprop=\"text\" ><p>Pacjenci chorzy na wypadanie odbytnicy i \u017cylaki odbytu nie powinni stosowa\u0107 tego produktu.<\/p>\n<p>Przed u\u017cyciem wyrobu nale\u017cy zaprzesta\u0107 stosowania wszystkich lek\u00f3w, ma\u015bci, aerozoli itp. w leczeniu hemoroid\u00f3w. U\u017cycie <strong>Procto-Zac<sup>\u00ae<\/sup> MemeThol Barrier Spray<\/strong> mo\u017cna rozpocz\u0105\u0107 po up\u0142ywie co najmniej 24 godzin od zaprzestania stosowania innych preparat\u00f3w, a podczas ca\u0142ego okresu leczenia nie nale\u017cy stosowa\u0107 \u017cadnych innych preparat\u00f3w bez konsultacji z lekarzem.<\/p>\n<ul>\n<li style=\"list-style-type: none;\"><\/li>\n<\/ul>\n<\/div><\/div><\/section>\n<\/div><\/div>\n<style type=\"text\/css\" data-created_by=\"avia_inline_auto\" id=\"style-css-av-11l9hgp-85691df6e69f46a498773d1ae4f44857\">\n.flex_column.av-11l9hgp-85691df6e69f46a498773d1ae4f44857{\nborder-radius:0px 0px 0px 0px;\npadding:0px 0px 0px 0px;\n}\n<\/style>\n<div  class='flex_column av-11l9hgp-85691df6e69f46a498773d1ae4f44857 av_one_fourth  avia-builder-el-4  el_after_av_three_fourth  el_before_av_hr  flex_column_div av-zero-column-padding  '     ><section  class='av_textblock_section av-wfqdxl-455607aa5fdc16c45c13c05d403b15b0 '   itemscope=\"itemscope\" itemtype=\"https:\/\/schema.org\/CreativeWork\" ><div class='avia_textblock'  itemprop=\"text\" ><p style=\"text-align: right;\">Zapraszamy do kupna naszego produktu w aptece online:<\/p>\n<\/div><\/section><br \/>\n<div  class='avia-button-wrap av-u0s115-7d5c490139aad566cd9bf07a8adfcf93-wrap avia-button-right  avia-builder-el-6  el_after_av_textblock  avia-builder-el-last '>\n<style type=\"text\/css\" data-created_by=\"avia_inline_auto\" id=\"style-css-av-u0s115-7d5c490139aad566cd9bf07a8adfcf93\">\n#top #wrap_all .avia-button.av-u0s115-7d5c490139aad566cd9bf07a8adfcf93{\nbackground-color:#023d7e;\nborder-color:#023d7e;\ncolor:#ffffff;\ntransition:all 0.4s ease-in-out;\n}\n<\/style>\n<a href='https:\/\/aptekaria.pl\/Procto-zac-MemeThol-Barrier-Spray-10ml'  class='avia-button av-u0s115-7d5c490139aad566cd9bf07a8adfcf93 av-link-btn avia-icon_select-yes-left-icon avia-size-large avia-position-right'  target=\"_blank\"  rel=\"noopener noreferrer\"  aria-label=\"Przejd\u017a do apteki\"><span class='avia_button_icon avia_button_icon_left' aria-hidden='true' data-av_icon='\ue87d' data-av_iconfont='entypo-fontello'><\/span><span class='avia_iconbox_title' >Przejd\u017a do apteki<\/span><\/a><\/div><\/p><\/div><\/p>\n\n<style type=\"text\/css\" data-created_by=\"avia_inline_auto\" id=\"style-css-av-tj8ljt-90283a7e4b0bcb980d0e933e85906a84\">\n#top .hr.hr-invisible.av-tj8ljt-90283a7e4b0bcb980d0e933e85906a84{\nheight:20px;\n}\n<\/style>\n<div  class='hr av-tj8ljt-90283a7e4b0bcb980d0e933e85906a84 hr-invisible  avia-builder-el-7  el_after_av_one_fourth  el_before_av_one_third '><span class='hr-inner '><span class=\"hr-inner-style\"><\/span><\/span><\/div>\n<div  class='flex_column av-qoh6jd-b5cfa2c7bca634557ba41dbadd9204d4 av_one_third  avia-builder-el-8  el_after_av_hr  el_before_av_one_third  first flex_column_div  '     ><p>\n<style type=\"text\/css\" data-created_by=\"avia_inline_auto\" id=\"style-css-av-pkdunt-b00b01a5286f3cc61b77ce6a0b0c621e\">\n#top .av-special-heading.av-pkdunt-b00b01a5286f3cc61b77ce6a0b0c621e{\npadding-bottom:10px;\n}\nbody .av-special-heading.av-pkdunt-b00b01a5286f3cc61b77ce6a0b0c621e .av-special-heading-tag .heading-char{\nfont-size:25px;\n}\n.av-special-heading.av-pkdunt-b00b01a5286f3cc61b77ce6a0b0c621e .av-subheading{\nfont-size:15px;\n}\n<\/style>\n<div  class='av-special-heading av-pkdunt-b00b01a5286f3cc61b77ce6a0b0c621e av-special-heading-h3  avia-builder-el-9  el_before_av_hr  avia-builder-el-first '><h3 class='av-special-heading-tag '  itemprop=\"headline\"  >Ginekologia<\/h3><div class=\"special-heading-border\"><div class=\"special-heading-inner-border\"><\/div><\/div><\/div><br \/>\n\n<style type=\"text\/css\" data-created_by=\"avia_inline_auto\" id=\"style-css-av-2edugp-e26c120591111d109bfb9bf102c18037\">\n#top .hr.hr-invisible.av-2edugp-e26c120591111d109bfb9bf102c18037{\nheight:15px;\n}\n<\/style>\n<div  class='hr av-2edugp-e26c120591111d109bfb9bf102c18037 hr-invisible  avia-builder-el-10  el_after_av_heading  el_before_av_image '><span class='hr-inner '><span class=\"hr-inner-style\"><\/span><\/span><\/div><br \/>\n\n<style type=\"text\/css\" data-created_by=\"avia_inline_auto\" id=\"style-css-av-m4i6tl-566923cdbbcc36a27342fad25353d584\">\n.avia-image-container.av-m4i6tl-566923cdbbcc36a27342fad25353d584 img.avia_image{\nbox-shadow:none;\n}\n.avia-image-container.av-m4i6tl-566923cdbbcc36a27342fad25353d584 .av-image-caption-overlay-center{\ncolor:#ffffff;\n}\n<\/style>\n<div  class='avia-image-container av-m4i6tl-566923cdbbcc36a27342fad25353d584 av-styling- av-img-linked avia-align-center  avia-builder-el-11  el_after_av_hr  avia-builder-el-last '   itemprop=\"image\" itemscope=\"itemscope\" itemtype=\"https:\/\/schema.org\/ImageObject\" ><div class=\"avia-image-container-inner\"><div class=\"avia-image-overlay-wrap\"><a href=\"https:\/\/hexanova.pl\/en\/gynecology\/\" class='avia_image '  aria-label='ginekologia'><img decoding=\"async\" width=\"302\" height=\"202\" fetchpriority=\"high\" class='wp-image-3379 avia-img-lazy-loading-not-3379 avia_image ' src=\"http:\/\/hexanova.pl\/wp-content\/uploads\/2013\/12\/ginekologia.jpg\" alt='' title='ginekologia'   itemprop=\"thumbnailUrl\" srcset=\"https:\/\/hexanova.pl\/wp-content\/uploads\/2013\/12\/ginekologia.jpg 302w, https:\/\/hexanova.pl\/wp-content\/uploads\/2013\/12\/ginekologia-300x200.jpg 300w\" sizes=\"(max-width: 302px) 100vw, 302px\" \/><\/a><\/div><\/div><\/div><\/p><\/div>\n\n<style type=\"text\/css\" data-created_by=\"avia_inline_auto\" id=\"style-css-av-l6irm1-0900111eb4ab5f18d8e82609992790d0\">\n.flex_column.av-l6irm1-0900111eb4ab5f18d8e82609992790d0{\nborder-radius:0px 0px 0px 0px;\npadding:0px 0px 0px 0px;\n}\n<\/style>\n<div  class='flex_column av-l6irm1-0900111eb4ab5f18d8e82609992790d0 av_one_third  avia-builder-el-12  el_after_av_one_third  el_before_av_one_third  flex_column_div av-zero-column-padding  '     ><p>\n<style type=\"text\/css\" data-created_by=\"avia_inline_auto\" id=\"style-css-av-jg0w8p-baf028297526193aca6b9036dd829977\">\n#top .av-special-heading.av-jg0w8p-baf028297526193aca6b9036dd829977{\npadding-bottom:10px;\n}\nbody .av-special-heading.av-jg0w8p-baf028297526193aca6b9036dd829977 .av-special-heading-tag .heading-char{\nfont-size:25px;\n}\n.av-special-heading.av-jg0w8p-baf028297526193aca6b9036dd829977 .av-subheading{\nfont-size:15px;\n}\n<\/style>\n<div  class='av-special-heading av-jg0w8p-baf028297526193aca6b9036dd829977 av-special-heading-h3  avia-builder-el-13  el_before_av_hr  avia-builder-el-first '><h3 class='av-special-heading-tag '  itemprop=\"headline\"  >Dermatologia<\/h3><div class=\"special-heading-border\"><div class=\"special-heading-inner-border\"><\/div><\/div><\/div><br \/>\n\n<style type=\"text\/css\" data-created_by=\"avia_inline_auto\" id=\"style-css-av-gxsnih-4e750b4953e353a4b5343f6d857551a2\">\n#top .hr.hr-invisible.av-gxsnih-4e750b4953e353a4b5343f6d857551a2{\nheight:15px;\n}\n<\/style>\n<div  class='hr av-gxsnih-4e750b4953e353a4b5343f6d857551a2 hr-invisible  avia-builder-el-14  el_after_av_heading  el_before_av_image '><span class='hr-inner '><span class=\"hr-inner-style\"><\/span><\/span><\/div><br \/>\n\n<style type=\"text\/css\" data-created_by=\"avia_inline_auto\" id=\"style-css-av-f8rxq1-77e21b480b67b40a5fdc981d4dae4013\">\n.avia-image-container.av-f8rxq1-77e21b480b67b40a5fdc981d4dae4013 img.avia_image{\nbox-shadow:none;\n}\n.avia-image-container.av-f8rxq1-77e21b480b67b40a5fdc981d4dae4013 .av-image-caption-overlay-center{\ncolor:#ffffff;\n}\n<\/style>\n<div  class='avia-image-container av-f8rxq1-77e21b480b67b40a5fdc981d4dae4013 av-styling- av-img-linked avia-align-center  avia-builder-el-15  el_after_av_hr  avia-builder-el-last '   itemprop=\"image\" itemscope=\"itemscope\" itemtype=\"https:\/\/schema.org\/ImageObject\" ><div class=\"avia-image-container-inner\"><div class=\"avia-image-overlay-wrap\"><a href=\"https:\/\/hexanova.pl\/en\/dermatology\/\" class='avia_image '  aria-label='dermatologia'><img decoding=\"async\" width=\"302\" height=\"202\" fetchpriority=\"high\" class='wp-image-3378 avia-img-lazy-loading-not-3378 avia_image ' src=\"http:\/\/hexanova.pl\/wp-content\/uploads\/2013\/12\/dermatologia.jpg\" alt='' title='dermatologia'   itemprop=\"thumbnailUrl\" srcset=\"https:\/\/hexanova.pl\/wp-content\/uploads\/2013\/12\/dermatologia.jpg 302w, https:\/\/hexanova.pl\/wp-content\/uploads\/2013\/12\/dermatologia-300x200.jpg 300w\" sizes=\"(max-width: 302px) 100vw, 302px\" \/><\/a><\/div><\/div><\/div><\/p><\/div>\n\n<style type=\"text\/css\" data-created_by=\"avia_inline_auto\" id=\"style-css-av-edqto9-48308837e81de99557b0e60261a0090a\">\n.flex_column.av-edqto9-48308837e81de99557b0e60261a0090a{\nborder-radius:0px 0px 0px 0px;\npadding:0px 0px 0px 0px;\n}\n<\/style>\n<div  class='flex_column av-edqto9-48308837e81de99557b0e60261a0090a av_one_third  avia-builder-el-16  el_after_av_one_third  el_before_av_hr  flex_column_div av-zero-column-padding  '     ><p>\n<style type=\"text\/css\" data-created_by=\"avia_inline_auto\" id=\"style-css-av-stk6-bfebb5a55e1c9797feb8fd72d0c4fd82\">\n#top .av-special-heading.av-stk6-bfebb5a55e1c9797feb8fd72d0c4fd82{\npadding-bottom:10px;\n}\nbody .av-special-heading.av-stk6-bfebb5a55e1c9797feb8fd72d0c4fd82 .av-special-heading-tag .heading-char{\nfont-size:25px;\n}\n.av-special-heading.av-stk6-bfebb5a55e1c9797feb8fd72d0c4fd82 .av-subheading{\nfont-size:10px;\n}\n<\/style>\n<div  class='av-special-heading av-stk6-bfebb5a55e1c9797feb8fd72d0c4fd82 av-special-heading-h3  avia-builder-el-17  el_before_av_hr  avia-builder-el-first '><h3 class='av-special-heading-tag '  itemprop=\"headline\"  >Nowo\u015b\u0107<\/h3><div class=\"special-heading-border\"><div class=\"special-heading-inner-border\"><\/div><\/div><\/div><br \/>\n\n<style type=\"text\/css\" data-created_by=\"avia_inline_auto\" id=\"style-css-av-148ysp-0834204bc9fa7c421dc32b5b8b297cb8\">\n#top .hr.hr-invisible.av-148ysp-0834204bc9fa7c421dc32b5b8b297cb8{\nheight:15px;\n}\n<\/style>\n<div  class='hr av-148ysp-0834204bc9fa7c421dc32b5b8b297cb8 hr-invisible  avia-builder-el-18  el_after_av_heading  el_before_av_image '><span class='hr-inner '><span class=\"hr-inner-style\"><\/span><\/span><\/div><br \/>\n\n<style type=\"text\/css\" data-created_by=\"avia_inline_auto\" id=\"style-css-av-93iegp-c8cb7b2d1dab83a28ba73671fd39357c\">\n.avia-image-container.av-93iegp-c8cb7b2d1dab83a28ba73671fd39357c img.avia_image{\nbox-shadow:none;\n}\n.avia-image-container.av-93iegp-c8cb7b2d1dab83a28ba73671fd39357c .av-image-caption-overlay-center{\ncolor:#ffffff;\n}\n<\/style>\n<div  class='avia-image-container av-93iegp-c8cb7b2d1dab83a28ba73671fd39357c av-styling- av-img-linked avia-align-center  avia-builder-el-19  el_after_av_hr  avia-builder-el-last '   itemprop=\"image\" itemscope=\"itemscope\" itemtype=\"https:\/\/schema.org\/ImageObject\" ><div class=\"avia-image-container-inner\"><div class=\"avia-image-overlay-wrap\"><a href=\"https:\/\/hexanova.pl\/en\/?page_id=4679\" class='avia_image '  aria-label='proctozac-barier-spray'><img decoding=\"async\" fetchpriority=\"high\" class='wp-image-4743 avia-img-lazy-loading-not-4743 avia_image ' src=\"https:\/\/hexanova.pl\/wp-content\/uploads\/2021\/05\/proctozac-barier-spray.jpg\" alt='' title='proctozac-barier-spray'  height=\"202\" width=\"302\"  itemprop=\"thumbnailUrl\" srcset=\"https:\/\/hexanova.pl\/wp-content\/uploads\/2021\/05\/proctozac-barier-spray.jpg 302w, https:\/\/hexanova.pl\/wp-content\/uploads\/2021\/05\/proctozac-barier-spray-300x201.jpg 300w\" sizes=\"(max-width: 302px) 100vw, 302px\" \/><\/a><\/div><\/div><\/div><\/p><\/div>\n\n<style type=\"text\/css\" data-created_by=\"avia_inline_auto\" id=\"style-css-av-7l78nt-89d16b8a07821d46b0b6c8c93ea323fa\">\n#top .hr.hr-invisible.av-7l78nt-89d16b8a07821d46b0b6c8c93ea323fa{\nheight:20px;\n}\n<\/style>\n<div  class='hr av-7l78nt-89d16b8a07821d46b0b6c8c93ea323fa hr-invisible  avia-builder-el-20  el_after_av_one_third  el_before_av_section  avia-builder-el-last '><span class='hr-inner '><span class=\"hr-inner-style\"><\/span><\/span><\/div>\n<\/div><\/div><\/div><!-- close content main div --><\/div><\/div>\n<style type=\"text\/css\" data-created_by=\"avia_inline_auto\" id=\"style-css-av-5ro9tl-1422a43f8bc6f64a5b0f92f65aa71bfa\">\n.avia-section.av-5ro9tl-1422a43f8bc6f64a5b0f92f65aa71bfa{\nbackground-repeat:no-repeat;\nbackground-image:url(https:\/\/hexanova.pl\/wp-content\/uploads\/2013\/12\/m600xdqq.jpg);\nbackground-position:50% 0%;\nbackground-attachment:fixed;\n}\n<\/style>\n<div id='av_section_1'  class='avia-section av-5ro9tl-1422a43f8bc6f64a5b0f92f65aa71bfa main_color avia-section-default avia-shadow  avia-builder-el-21  el_after_av_hr  el_before_av_table  avia-full-stretch avia-bg-style-fixed container_wrap sidebar_left'  data-section-bg-repeat='stretch'><div class='container av-section-cont-open' ><div class='template-page content  av-content-small units'><div class='post-entry post-entry-type-page post-entry-4679'><div class='entry-content-wrapper clearfix'>\n<section  class='av_textblock_section av-46r8e1-77aec0a12815f7ebb65b48e84c1a2fc2 '   itemscope=\"itemscope\" itemtype=\"https:\/\/schema.org\/CreativeWork\" ><div class='avia_textblock'  itemprop=\"text\" ><h3 style=\"text-align: center;\"><span style=\"color: #ffffff;\">\u00a0\u00a0\u00a0 &#8220;Nasz\u0105 misj\u0105 jest wspieranie os\u00f3b, kt\u00f3re chc\u0105 zdrowiej i lepiej \u017cy\u0107. Je\u015bli i Ty do nich nale\u017cysz \u2013 sprawd\u017a koniecznie nasze produkty!&#8221;<br \/>\n<\/span><\/h3>\n<p style=\"text-align: center;\"><span style=\"color: #ffffff;\">\u00a0\u00a0\u00a0 \u2212 Hexanova<\/span><\/p>\n<\/div><\/section>\n<\/div><\/div><\/div><!-- close content main div --><\/div><\/div><div id='after_section_1'  class='main_color av_default_container_wrap container_wrap sidebar_left'  ><div class='container av-section-cont-open' ><div class='template-page content  av-content-small units'><div class='post-entry post-entry-type-page post-entry-4679'><div class='entry-content-wrapper clearfix'>\n\n","protected":false},"excerpt":{"rendered":"","protected":false},"author":5,"featured_media":0,"parent":0,"menu_order":0,"comment_status":"open","ping_status":"closed","template":"","meta":{"footnotes":""},"class_list":["post-4679","page","type-page","status-publish","hentry"],"aioseo_notices":[],"_links":{"self":[{"href":"https:\/\/hexanova.pl\/en\/wp-json\/wp\/v2\/pages\/4679","targetHints":{"allow":["GET"]}}],"collection":[{"href":"https:\/\/hexanova.pl\/en\/wp-json\/wp\/v2\/pages"}],"about":[{"href":"https:\/\/hexanova.pl\/en\/wp-json\/wp\/v2\/types\/page"}],"author":[{"embeddable":true,"href":"https:\/\/hexanova.pl\/en\/wp-json\/wp\/v2\/users\/5"}],"replies":[{"embeddable":true,"href":"https:\/\/hexanova.pl\/en\/wp-json\/wp\/v2\/comments?post=4679"}],"version-history":[{"count":5,"href":"https:\/\/hexanova.pl\/en\/wp-json\/wp\/v2\/pages\/4679\/revisions"}],"predecessor-version":[{"id":5579,"href":"https:\/\/hexanova.pl\/en\/wp-json\/wp\/v2\/pages\/4679\/revisions\/5579"}],"wp:attachment":[{"href":"https:\/\/hexanova.pl\/en\/wp-json\/wp\/v2\/media?parent=4679"}],"curies":[{"name":"wp","href":"https:\/\/api.w.org\/{rel}","templated":true}]}}