{"id":4629,"date":"2021-04-12T16:26:50","date_gmt":"2021-04-12T14:26:50","guid":{"rendered":"https:\/\/hexanova.pl\/?page_id=4629"},"modified":"2021-04-12T16:30:15","modified_gmt":"2021-04-12T14:30:15","slug":"canditon-vaginal-ovules-2","status":"publish","type":"page","link":"https:\/\/hexanova.pl\/en\/gynecology\/canditon-vaginal-ovules-2\/","title":{"rendered":"Hexagyn\u00ae \u017cel dopochwowy, 40 ml z aplikatorem"},"content":{"rendered":"<div id='full_slider_1'  class='avia-fullwidth-slider main_color avia-shadow   avia-builder-el-0  el_before_av_heading  avia-builder-el-first   container_wrap sidebar_left'  ><div  class='avia-slideshow av-1d9w1ei-c4da5f10662ea7af9544551e808d0c11 avia-slideshow-featured av_slideshow_full avia-slide-slider av-slideshow-ui av-control-default av-slideshow-manual av-loop-once av-loop-manual-endless av-default-height-applied   avia-slideshow-1' data-slideshow-options=\"{&quot;animation&quot;:&quot;slide&quot;,&quot;autoplay&quot;:false,&quot;loop_autoplay&quot;:&quot;once&quot;,&quot;interval&quot;:5,&quot;loop_manual&quot;:&quot;manual-endless&quot;,&quot;autoplay_stopper&quot;:false,&quot;noNavigation&quot;:false,&quot;bg_slider&quot;:false,&quot;keep_padding&quot;:false,&quot;hoverpause&quot;:false,&quot;show_slide_delay&quot;:0}\"  itemprop=\"image\" itemscope=\"itemscope\" itemtype=\"https:\/\/schema.org\/ImageObject\" ><ul class='avia-slideshow-inner ' style='padding-bottom: 28.666666666667%;'><li  class='avia-slideshow-slide av-1d9w1ei-c4da5f10662ea7af9544551e808d0c11__0  av-single-slide slide-1 slide-odd'><div data-rel='slideshow-1' class='avia-slide-wrap '   ><img decoding=\"async\" fetchpriority=\"high\" class=\"wp-image-4631 avia-img-lazy-loading-not-4631\"  src=\"https:\/\/hexanova.pl\/wp-content\/uploads\/2021\/03\/Hexagyn-zel-1500x430.jpg\" width=\"1500\" height=\"430\" title='Hexagyn-zel' alt=''  itemprop=\"thumbnailUrl\" srcset=\"https:\/\/hexanova.pl\/wp-content\/uploads\/2021\/03\/Hexagyn-zel.jpg 1500w, https:\/\/hexanova.pl\/wp-content\/uploads\/2021\/03\/Hexagyn-zel-300x86.jpg 300w, https:\/\/hexanova.pl\/wp-content\/uploads\/2021\/03\/Hexagyn-zel-1030x295.jpg 1030w, https:\/\/hexanova.pl\/wp-content\/uploads\/2021\/03\/Hexagyn-zel-768x220.jpg 768w, https:\/\/hexanova.pl\/wp-content\/uploads\/2021\/03\/Hexagyn-zel-705x202.jpg 705w\" sizes=\"(max-width: 1500px) 100vw, 1500px\" \/><\/div><\/li><\/ul><\/div><\/div><div id='after_full_slider_1'  class='main_color av_default_container_wrap container_wrap sidebar_left'  ><div class='container av-section-cont-open' ><div class='template-page content  av-content-small units'><div class='post-entry post-entry-type-page post-entry-4629'><div class='entry-content-wrapper clearfix'>\n\n<style type=\"text\/css\" data-created_by=\"avia_inline_auto\" id=\"style-css-av-av_heading-fa677c0246fc605f6c2533bf759d8996\">\n#top .av-special-heading.av-av_heading-fa677c0246fc605f6c2533bf759d8996{\npadding-bottom:10px;\n}\nbody .av-special-heading.av-av_heading-fa677c0246fc605f6c2533bf759d8996 .av-special-heading-tag .heading-char{\nfont-size:25px;\n}\n.av-special-heading.av-av_heading-fa677c0246fc605f6c2533bf759d8996 .av-subheading{\nfont-size:10px;\n}\n<\/style>\n<div  class='av-special-heading av-av_heading-fa677c0246fc605f6c2533bf759d8996 av-special-heading-h3  avia-builder-el-1  el_after_av_slideshow_full  el_before_av_three_fourth  avia-builder-el-first '><h3 class='av-special-heading-tag '  itemprop=\"headline\"  >Hexagyn<sup>\u00ae<\/sup> vaginal gel, 40 ml with an applicator<\/h3><div class=\"special-heading-border\"><div class=\"special-heading-inner-border\"><\/div><\/div><\/div>\n<div  class='flex_column av-1873bje-c06c6f400a8d737aefc6a16dc3350288 av_three_fourth  avia-builder-el-2  el_after_av_heading  el_before_av_one_fourth  first flex_column_div  '     ><div  class='tabcontainer av-16yot8q-617db55b3b5f2cfcf71cf0db14cc525e sidebar_tab sidebar_tab_left  avia-builder-el-3  avia-builder-el-no-sibling  noborder_tabs'>\n<section class='av_tab_section av_tab_section av-av_tab-9371572b6eb55fdc2098739984bcdf7f'  itemscope=\"itemscope\" itemtype=\"https:\/\/schema.org\/CreativeWork\" ><div id='tab-id-1-tab' class='tab active_tab' role='tab' aria-selected=\"true\" tabindex=\"0\" data-fake-id='#tab-id-1' aria-controls='tab-id-1-content'  itemprop=\"headline\" >What Hexagyn<sup>\u00ae<\/sup> gel is?<\/div><div id='tab-id-1-content' class='tab_content active_tab_content' role='tabpanel' aria-labelledby='tab-id-1-tab' aria-hidden=\"false\"><div class='tab_inner_content invers-color'  itemprop=\"text\" ><p>Hexagyn<sup>\u00ae<\/sup>, vaginal gel, 40 ml with an applicator<\/p>\n<p>Hexagyn<sup>\u00ae<\/sup> vaginal gel gel is a gel based on hyaluronic acid and a patented moisturizing and rebuilding ingredient. It doesn\u2019t contain hormones or parabens.<\/p>\n<\/div><\/div><\/section>\n<section class='av_tab_section av_tab_section av-av_tab-449e4dda7ae4bc3d52f682ca045525a7'  itemscope=\"itemscope\" itemtype=\"https:\/\/schema.org\/CreativeWork\" ><div id='tab-id-2-tab' class='tab' role='tab' aria-selected=\"false\" tabindex=\"0\" data-fake-id='#tab-id-2' aria-controls='tab-id-2-content'  itemprop=\"headline\" >What is hyaluronic acid?<\/div><div id='tab-id-2-content' class='tab_content' role='tabpanel' aria-labelledby='tab-id-2-tab' aria-hidden=\"true\"><div class='tab_inner_content invers-color'  itemprop=\"text\" ><p>Hyaluronic acid is a substance responsible for maintaining the proper hydration of tissues, and plays an important role in the process of their reconstruction.<\/p>\n<p>The gel formula is enriched with Tri-Solve P<sup>\u00ae<\/sup> &#8211; a patented substance based on NS ceramides and 2% trehalose, which creates a protective barrier, restores the proper level of hydration and elasticity. Provides protection in case of contact with irritating factors.<\/p>\n<\/div><\/div><\/section>\n<section class='av_tab_section av_tab_section av-av_tab-a6ab201022dcf4c4de02b645580ff027'  itemscope=\"itemscope\" itemtype=\"https:\/\/schema.org\/CreativeWork\" ><div id='tab-id-3-tab' class='tab' role='tab' aria-selected=\"false\" tabindex=\"0\" data-fake-id='#tab-id-3' aria-controls='tab-id-3-content'  itemprop=\"headline\" >When to use vaginal Hexagyn<sup>\u00ae<\/sup> gel?<\/div><div id='tab-id-3-content' class='tab_content' role='tabpanel' aria-labelledby='tab-id-3-tab' aria-hidden=\"true\"><div class='tab_inner_content invers-color'  itemprop=\"text\" ><p>Hexagyn<sup>\u00ae<\/sup> vaginal gel is indicated for:<\/p>\n<ul>\n<li>Treatment of dryness in the vulvovaginal area, regardless of the cause (stress, menopause) &#8211; moisturizing effect<\/li>\n<li>Treatment of pain during sexual intercourse (dyspareunia) &#8211; lubrication effect<\/li>\n<li>Treatment of irritated mucosa or in postoperative treatment &#8211; restorative action<\/li>\n<\/ul>\n<\/div><\/div><\/section>\n<section class='av_tab_section av_tab_section av-av_tab-27c2b636b508a69afcd3767d7f2f6051'  itemscope=\"itemscope\" itemtype=\"https:\/\/schema.org\/CreativeWork\" ><div id='tab-id-4-tab' class='tab' role='tab' aria-selected=\"false\" tabindex=\"0\" data-fake-id='#tab-id-4' aria-controls='tab-id-4-content'  itemprop=\"headline\" >How to use Hexagyn vaginal gel?<\/div><div id='tab-id-4-content' class='tab_content' role='tabpanel' aria-labelledby='tab-id-4-tab' aria-hidden=\"true\"><div class='tab_inner_content invers-color'  itemprop=\"text\" ><p>The unique composition of the medical device allows its use 2 to 3 times a week until symptoms disappear. If necessary, it can be applied externally. Can be used with a condom.<\/p>\n<\/div><\/div><\/section>\n<\/div><\/div>\n<style type=\"text\/css\" data-created_by=\"avia_inline_auto\" id=\"style-css-av-vm4qi2-8dfe07347500c363a7a96b3483771e71\">\n.flex_column.av-vm4qi2-8dfe07347500c363a7a96b3483771e71{\nborder-radius:0px 0px 0px 0px;\npadding:0px 0px 0px 0px;\n}\n<\/style>\n<div  class='flex_column av-vm4qi2-8dfe07347500c363a7a96b3483771e71 av_one_fourth  avia-builder-el-4  el_after_av_three_fourth  el_before_av_hr  flex_column_div av-zero-column-padding  '     ><div  class='avia-button-wrap av-v1nfai-eb7a4a55738a4fd5f92e0e281798a5e8-wrap avia-button-right  avia-builder-el-5  avia-builder-el-no-sibling '>\n<style type=\"text\/css\" data-created_by=\"avia_inline_auto\" id=\"style-css-av-v1nfai-eb7a4a55738a4fd5f92e0e281798a5e8\">\n#top #wrap_all .avia-button.av-v1nfai-eb7a4a55738a4fd5f92e0e281798a5e8{\nbackground-color:#023d7e;\nborder-color:#023d7e;\ncolor:#ffffff;\ntransition:all 0.4s ease-in-out;\n}\n<\/style>\n<a href='https:\/\/aptekaria.pl\/hexagyn-zel-dopochwowy-nawilzenie-lubrykacja-40ml'  class='avia-button av-v1nfai-eb7a4a55738a4fd5f92e0e281798a5e8 av-link-btn avia-icon_select-yes-left-icon avia-size-large avia-position-right'  target=\"_blank\"  rel=\"noopener noreferrer\"  aria-label=\"Go to the pharmacy\"><span class='avia_button_icon avia_button_icon_left' aria-hidden='true' data-av_icon='\ue87d' data-av_iconfont='entypo-fontello'><\/span><span class='avia_iconbox_title' >Go to the pharmacy<\/span><\/a><\/div><\/div>\n<style type=\"text\/css\" data-created_by=\"avia_inline_auto\" id=\"style-css-av-r5bcai-933cf39561607b00d69c8053cda79122\">\n#top .hr.hr-invisible.av-r5bcai-933cf39561607b00d69c8053cda79122{\nheight:20px;\n}\n<\/style>\n<div  class='hr av-r5bcai-933cf39561607b00d69c8053cda79122 hr-invisible  avia-builder-el-6  el_after_av_one_fourth  el_before_av_one_third '><span class='hr-inner '><span class=\"hr-inner-style\"><\/span><\/span><\/div><\/p>\n<div  class='flex_column av-q0dkqi-277f647541351e56412748fd35894c9e av_one_third  avia-builder-el-7  el_after_av_hr  el_before_av_one_third  first flex_column_div  '     ><p>\n<style type=\"text\/css\" data-created_by=\"avia_inline_auto\" id=\"style-css-av-nogbay-c8ca08ca1446503abe7873dd81ae4920\">\n#top .av-special-heading.av-nogbay-c8ca08ca1446503abe7873dd81ae4920{\npadding-bottom:10px;\n}\nbody .av-special-heading.av-nogbay-c8ca08ca1446503abe7873dd81ae4920 .av-special-heading-tag .heading-char{\nfont-size:25px;\n}\n.av-special-heading.av-nogbay-c8ca08ca1446503abe7873dd81ae4920 .av-subheading{\nfont-size:15px;\n}\n<\/style>\n<div  class='av-special-heading av-nogbay-c8ca08ca1446503abe7873dd81ae4920 av-special-heading-h3  avia-builder-el-8  el_before_av_hr  avia-builder-el-first '><h3 class='av-special-heading-tag '  itemprop=\"headline\"  >Ginekologia<\/h3><div class=\"special-heading-border\"><div class=\"special-heading-inner-border\"><\/div><\/div><\/div><br \/>\n\n<style type=\"text\/css\" data-created_by=\"avia_inline_auto\" id=\"style-css-av-ml7f3u-c326f3537459bc1e8d7f9e14e79f9d6b\">\n#top .hr.hr-invisible.av-ml7f3u-c326f3537459bc1e8d7f9e14e79f9d6b{\nheight:15px;\n}\n<\/style>\n<div  class='hr av-ml7f3u-c326f3537459bc1e8d7f9e14e79f9d6b hr-invisible  avia-builder-el-9  el_after_av_heading  el_before_av_image '><span class='hr-inner '><span class=\"hr-inner-style\"><\/span><\/span><\/div><br \/>\n\n<style type=\"text\/css\" data-created_by=\"avia_inline_auto\" id=\"style-css-av-klnbwq-8782699c8e4d3d9b6f31568c402aa3b7\">\n.avia-image-container.av-klnbwq-8782699c8e4d3d9b6f31568c402aa3b7 img.avia_image{\nbox-shadow:none;\n}\n.avia-image-container.av-klnbwq-8782699c8e4d3d9b6f31568c402aa3b7 .av-image-caption-overlay-center{\ncolor:#ffffff;\n}\n<\/style>\n<div  class='avia-image-container av-klnbwq-8782699c8e4d3d9b6f31568c402aa3b7 av-styling- av-img-linked avia-align-center  avia-builder-el-10  el_after_av_hr  avia-builder-el-last '   itemprop=\"image\" itemscope=\"itemscope\" itemtype=\"https:\/\/schema.org\/ImageObject\" ><div class=\"avia-image-container-inner\"><div class=\"avia-image-overlay-wrap\"><a href=\"https:\/\/hexanova.pl\/en\/gynecology\/\" class='avia_image '  aria-label='ginekologia'><img decoding=\"async\" width=\"302\" height=\"202\" fetchpriority=\"high\" class='wp-image-3379 avia-img-lazy-loading-not-3379 avia_image ' src=\"http:\/\/hexanova.pl\/wp-content\/uploads\/2013\/12\/ginekologia.jpg\" alt='' title='ginekologia'   itemprop=\"thumbnailUrl\" srcset=\"https:\/\/hexanova.pl\/wp-content\/uploads\/2013\/12\/ginekologia.jpg 302w, https:\/\/hexanova.pl\/wp-content\/uploads\/2013\/12\/ginekologia-300x200.jpg 300w\" sizes=\"(max-width: 302px) 100vw, 302px\" \/><\/a><\/div><\/div><\/div><\/p><\/div>\n\n<style type=\"text\/css\" data-created_by=\"avia_inline_auto\" id=\"style-css-av-1wj2sq-a435abd4107cc9bb1bf9e1f5bdb042db\">\n.flex_column.av-1wj2sq-a435abd4107cc9bb1bf9e1f5bdb042db{\nborder-radius:0px 0px 0px 0px;\npadding:0px 0px 0px 0px;\n}\n<\/style>\n<div  class='flex_column av-1wj2sq-a435abd4107cc9bb1bf9e1f5bdb042db av_one_third  avia-builder-el-11  el_after_av_one_third  el_before_av_one_third  flex_column_div av-zero-column-padding  '     ><p>\n<style type=\"text\/css\" data-created_by=\"avia_inline_auto\" id=\"style-css-av-haf2ay-60b7aa3c7860406ae97d5328ea6fce69\">\n#top .av-special-heading.av-haf2ay-60b7aa3c7860406ae97d5328ea6fce69{\npadding-bottom:10px;\n}\nbody .av-special-heading.av-haf2ay-60b7aa3c7860406ae97d5328ea6fce69 .av-special-heading-tag .heading-char{\nfont-size:25px;\n}\n.av-special-heading.av-haf2ay-60b7aa3c7860406ae97d5328ea6fce69 .av-subheading{\nfont-size:15px;\n}\n<\/style>\n<div  class='av-special-heading av-haf2ay-60b7aa3c7860406ae97d5328ea6fce69 av-special-heading-h3  avia-builder-el-12  el_before_av_hr  avia-builder-el-first '><h3 class='av-special-heading-tag '  itemprop=\"headline\"  >Dermatologia<\/h3><div class=\"special-heading-border\"><div class=\"special-heading-inner-border\"><\/div><\/div><\/div><br \/>\n\n<style type=\"text\/css\" data-created_by=\"avia_inline_auto\" id=\"style-css-av-fvgcx6-a66ebba4b03899be58cd920fcfddbc42\">\n#top .hr.hr-invisible.av-fvgcx6-a66ebba4b03899be58cd920fcfddbc42{\nheight:15px;\n}\n<\/style>\n<div  class='hr av-fvgcx6-a66ebba4b03899be58cd920fcfddbc42 hr-invisible  avia-builder-el-13  el_after_av_heading  el_before_av_image '><span class='hr-inner '><span class=\"hr-inner-style\"><\/span><\/span><\/div><br \/>\n\n<style type=\"text\/css\" data-created_by=\"avia_inline_auto\" id=\"style-css-av-dmyzd6-7663e090b9095e3744d623f237d1545b\">\n.avia-image-container.av-dmyzd6-7663e090b9095e3744d623f237d1545b img.avia_image{\nbox-shadow:none;\n}\n.avia-image-container.av-dmyzd6-7663e090b9095e3744d623f237d1545b .av-image-caption-overlay-center{\ncolor:#ffffff;\n}\n<\/style>\n<div  class='avia-image-container av-dmyzd6-7663e090b9095e3744d623f237d1545b av-styling- av-img-linked avia-align-center  avia-builder-el-14  el_after_av_hr  avia-builder-el-last '   itemprop=\"image\" itemscope=\"itemscope\" itemtype=\"https:\/\/schema.org\/ImageObject\" ><div class=\"avia-image-container-inner\"><div class=\"avia-image-overlay-wrap\"><a href=\"https:\/\/hexanova.pl\/en\/dermatology\/\" class='avia_image '  aria-label='dermatologia'><img decoding=\"async\" width=\"302\" height=\"202\" fetchpriority=\"high\" class='wp-image-3378 avia-img-lazy-loading-not-3378 avia_image ' src=\"http:\/\/hexanova.pl\/wp-content\/uploads\/2013\/12\/dermatologia.jpg\" alt='' title='dermatologia'   itemprop=\"thumbnailUrl\" srcset=\"https:\/\/hexanova.pl\/wp-content\/uploads\/2013\/12\/dermatologia.jpg 302w, https:\/\/hexanova.pl\/wp-content\/uploads\/2013\/12\/dermatologia-300x200.jpg 300w\" sizes=\"(max-width: 302px) 100vw, 302px\" \/><\/a><\/div><\/div><\/div><\/p><\/div>\n\n<style type=\"text\/css\" data-created_by=\"avia_inline_auto\" id=\"style-css-av-bv0ta2-325a6000cf26ce907413f5a75c4a5179\">\n.flex_column.av-bv0ta2-325a6000cf26ce907413f5a75c4a5179{\nborder-radius:0px 0px 0px 0px;\npadding:0px 0px 0px 0px;\n}\n<\/style>\n<div  class='flex_column av-bv0ta2-325a6000cf26ce907413f5a75c4a5179 av_one_third  avia-builder-el-15  el_after_av_one_third  el_before_av_hr  flex_column_div av-zero-column-padding  '     ><p>\n<style type=\"text\/css\" data-created_by=\"avia_inline_auto\" id=\"style-css-av-12gwgq-e0104fe84344b09b6aff62ebe204f148\">\n#top .av-special-heading.av-12gwgq-e0104fe84344b09b6aff62ebe204f148{\npadding-bottom:10px;\n}\nbody .av-special-heading.av-12gwgq-e0104fe84344b09b6aff62ebe204f148 .av-special-heading-tag .heading-char{\nfont-size:25px;\n}\n.av-special-heading.av-12gwgq-e0104fe84344b09b6aff62ebe204f148 .av-subheading{\nfont-size:10px;\n}\n<\/style>\n<div  class='av-special-heading av-12gwgq-e0104fe84344b09b6aff62ebe204f148 av-special-heading-h3  avia-builder-el-16  el_before_av_hr  avia-builder-el-first '><h3 class='av-special-heading-tag '  itemprop=\"headline\"  >Nowo\u015b\u0107<\/h3><div class=\"special-heading-border\"><div class=\"special-heading-inner-border\"><\/div><\/div><\/div><br \/>\n\n<style type=\"text\/css\" data-created_by=\"avia_inline_auto\" id=\"style-css-av-9vjie2-7d2d9154501834a6b4a72f1d8599aabe\">\n#top .hr.hr-invisible.av-9vjie2-7d2d9154501834a6b4a72f1d8599aabe{\nheight:15px;\n}\n<\/style>\n<div  class='hr av-9vjie2-7d2d9154501834a6b4a72f1d8599aabe hr-invisible  avia-builder-el-17  el_after_av_heading  el_before_av_image '><span class='hr-inner '><span class=\"hr-inner-style\"><\/span><\/span><\/div><br \/>\n\n<style type=\"text\/css\" data-created_by=\"avia_inline_auto\" id=\"style-css-av-88clfe-19f702825c1c229d7eb6265e13ac237c\">\n.avia-image-container.av-88clfe-19f702825c1c229d7eb6265e13ac237c img.avia_image{\nbox-shadow:none;\n}\n.avia-image-container.av-88clfe-19f702825c1c229d7eb6265e13ac237c .av-image-caption-overlay-center{\ncolor:#ffffff;\n}\n<\/style>\n<div  class='avia-image-container av-88clfe-19f702825c1c229d7eb6265e13ac237c av-styling- av-img-linked avia-align-center  avia-builder-el-18  el_after_av_hr  avia-builder-el-last '   itemprop=\"image\" itemscope=\"itemscope\" itemtype=\"https:\/\/schema.org\/ImageObject\" ><div class=\"avia-image-container-inner\"><div class=\"avia-image-overlay-wrap\"><a href=\"https:\/\/hexanova.pl\/en\/gynecology\/canditon-vaginal-ovules\/\" class='avia_image '  aria-label='canditon-new'><img decoding=\"async\" fetchpriority=\"high\" class='wp-image-4000 avia-img-lazy-loading-not-4000 avia_image ' src=\"https:\/\/hexanova.pl\/wp-content\/uploads\/2019\/10\/canditon-new.jpg\" alt='' title='canditon-new'  height=\"202\" width=\"302\"  itemprop=\"thumbnailUrl\" srcset=\"https:\/\/hexanova.pl\/wp-content\/uploads\/2019\/10\/canditon-new.jpg 302w, https:\/\/hexanova.pl\/wp-content\/uploads\/2019\/10\/canditon-new-300x201.jpg 300w\" sizes=\"(max-width: 302px) 100vw, 302px\" \/><\/a><\/div><\/div><\/div><\/p><\/div>\n\n<style type=\"text\/css\" data-created_by=\"avia_inline_auto\" id=\"style-css-av-5t3iq2-06b4a7f46f61ac03b454257d70035576\">\n#top .hr.hr-invisible.av-5t3iq2-06b4a7f46f61ac03b454257d70035576{\nheight:20px;\n}\n<\/style>\n<div  class='hr av-5t3iq2-06b4a7f46f61ac03b454257d70035576 hr-invisible  avia-builder-el-19  el_after_av_one_third  el_before_av_section  avia-builder-el-last '><span class='hr-inner '><span class=\"hr-inner-style\"><\/span><\/span><\/div>\n<\/div><\/div><\/div><!-- close content main div --><\/div><\/div>\n<style type=\"text\/css\" data-created_by=\"avia_inline_auto\" id=\"style-css-av-4ivfbe-7a832bc04b777667e90cd76f1617f4d9\">\n.avia-section.av-4ivfbe-7a832bc04b777667e90cd76f1617f4d9{\nbackground-repeat:no-repeat;\nbackground-image:url(https:\/\/hexanova.pl\/wp-content\/uploads\/2013\/12\/m600xdqq.jpg);\nbackground-position:50% 0%;\nbackground-attachment:fixed;\n}\n<\/style>\n<div id='av_section_1'  class='avia-section av-4ivfbe-7a832bc04b777667e90cd76f1617f4d9 main_color avia-section-default avia-shadow  avia-builder-el-20  el_after_av_hr  avia-builder-el-last  avia-full-stretch avia-bg-style-fixed container_wrap sidebar_left'  data-section-bg-repeat='stretch'><div class='container av-section-cont-open' ><div class='template-page content  av-content-small units'><div class='post-entry post-entry-type-page post-entry-4629'><div class='entry-content-wrapper clearfix'>\n<section  class='av_textblock_section av-20qebu-213a34a3b97229be333200f67a68648c '   itemscope=\"itemscope\" itemtype=\"https:\/\/schema.org\/CreativeWork\" ><div class='avia_textblock'  itemprop=\"text\" ><h3 style=\"text-align: center;\"><span style=\"color: #ffffff;\">\u00a0\u00a0\u00a0 &#8220;Nasz\u0105 misj\u0105 jest wspieranie os\u00f3b, kt\u00f3re chc\u0105 zdrowiej i lepiej \u017cy\u0107. Je\u015bli i Ty do nich nale\u017cysz \u2013 sprawd\u017a koniecznie nasze produkty!&#8221;<br \/>\n<\/span><\/h3>\n<p style=\"text-align: center;\"><span style=\"color: #ffffff;\">\u00a0\u00a0\u00a0 \u2212 Hexanova<\/span><\/p>\n<\/div><\/section>\n<\/div><\/div><\/div><!-- close content main div --><\/div><\/div><div id='after_section_1'  class='main_color av_default_container_wrap container_wrap sidebar_left'  ><div class='container av-section-cont-open' ><div class='template-page content  av-content-small units'><div class='post-entry post-entry-type-page post-entry-4629'><div class='entry-content-wrapper clearfix'>\n","protected":false},"excerpt":{"rendered":"","protected":false},"author":5,"featured_media":0,"parent":1547,"menu_order":0,"comment_status":"open","ping_status":"closed","template":"","meta":{"footnotes":""},"class_list":["post-4629","page","type-page","status-publish","hentry"],"aioseo_notices":[],"_links":{"self":[{"href":"https:\/\/hexanova.pl\/en\/wp-json\/wp\/v2\/pages\/4629","targetHints":{"allow":["GET"]}}],"collection":[{"href":"https:\/\/hexanova.pl\/en\/wp-json\/wp\/v2\/pages"}],"about":[{"href":"https:\/\/hexanova.pl\/en\/wp-json\/wp\/v2\/types\/page"}],"author":[{"embeddable":true,"href":"https:\/\/hexanova.pl\/en\/wp-json\/wp\/v2\/users\/5"}],"replies":[{"embeddable":true,"href":"https:\/\/hexanova.pl\/en\/wp-json\/wp\/v2\/comments?post=4629"}],"version-history":[{"count":5,"href":"https:\/\/hexanova.pl\/en\/wp-json\/wp\/v2\/pages\/4629\/revisions"}],"predecessor-version":[{"id":4672,"href":"https:\/\/hexanova.pl\/en\/wp-json\/wp\/v2\/pages\/4629\/revisions\/4672"}],"up":[{"embeddable":true,"href":"https:\/\/hexanova.pl\/en\/wp-json\/wp\/v2\/pages\/1547"}],"wp:attachment":[{"href":"https:\/\/hexanova.pl\/en\/wp-json\/wp\/v2\/media?parent=4629"}],"curies":[{"name":"wp","href":"https:\/\/api.w.org\/{rel}","templated":true}]}}