{"id":3988,"date":"2019-10-07T21:00:54","date_gmt":"2019-10-07T19:00:54","guid":{"rendered":"https:\/\/hexanova.pl\/?page_id=3988"},"modified":"2019-12-10T18:35:15","modified_gmt":"2019-12-10T17:35:15","slug":"lactinova-mama","status":"publish","type":"page","link":"https:\/\/hexanova.pl\/en\/gynecology\/lactinova-mama\/","title":{"rendered":"LACTINOVA\u00ae mama"},"content":{"rendered":"<div id='full_slider_1'  class='avia-fullwidth-slider main_color avia-shadow   avia-builder-el-0  el_before_av_heading  avia-builder-el-first   container_wrap sidebar_left'  ><div  class='avia-slideshow av-av_slideshow_full-32de997090c749a8c82b86d1ff824dd4 avia-slideshow-featured av_slideshow_full avia-slide-slider av-slideshow-ui av-control-default av-slideshow-manual av-loop-once av-loop-manual-endless av-default-height-applied   avia-slideshow-1' data-slideshow-options=\"{&quot;animation&quot;:&quot;slide&quot;,&quot;autoplay&quot;:false,&quot;loop_autoplay&quot;:&quot;once&quot;,&quot;interval&quot;:5,&quot;loop_manual&quot;:&quot;manual-endless&quot;,&quot;autoplay_stopper&quot;:false,&quot;noNavigation&quot;:false,&quot;bg_slider&quot;:false,&quot;keep_padding&quot;:false,&quot;hoverpause&quot;:false,&quot;show_slide_delay&quot;:0}\"  itemprop=\"image\" itemscope=\"itemscope\" itemtype=\"https:\/\/schema.org\/ImageObject\" ><ul class='avia-slideshow-inner ' style='padding-bottom: 28.666666666667%;'><li  class='avia-slideshow-slide av-av_slideshow_full-32de997090c749a8c82b86d1ff824dd4__0  av-single-slide slide-1 slide-odd'><div data-rel='slideshow-1' class='avia-slide-wrap '   ><img decoding=\"async\" fetchpriority=\"high\" class=\"wp-image-3992 avia-img-lazy-loading-not-3992\"  src=\"https:\/\/hexanova.pl\/wp-content\/uploads\/2019\/10\/lactinova.jpg\" width=\"1500\" height=\"430\" title='lactinova' alt=''  itemprop=\"thumbnailUrl\" srcset=\"https:\/\/hexanova.pl\/wp-content\/uploads\/2019\/10\/lactinova.jpg 1500w, https:\/\/hexanova.pl\/wp-content\/uploads\/2019\/10\/lactinova-300x86.jpg 300w, https:\/\/hexanova.pl\/wp-content\/uploads\/2019\/10\/lactinova-768x220.jpg 768w, https:\/\/hexanova.pl\/wp-content\/uploads\/2019\/10\/lactinova-1030x295.jpg 1030w, https:\/\/hexanova.pl\/wp-content\/uploads\/2019\/10\/lactinova-705x202.jpg 705w, https:\/\/hexanova.pl\/wp-content\/uploads\/2019\/10\/lactinova-450x129.jpg 450w\" sizes=\"(max-width: 1500px) 100vw, 1500px\" \/><\/div><\/li><\/ul><\/div><\/div><div id='after_full_slider_1'  class='main_color av_default_container_wrap container_wrap sidebar_left'  ><div class='container av-section-cont-open' ><div class='template-page content  av-content-small units'><div class='post-entry post-entry-type-page post-entry-3988'><div class='entry-content-wrapper clearfix'>\n\n<style type=\"text\/css\" data-created_by=\"avia_inline_auto\" id=\"style-css-av-av_heading-1acb426b5142d28491f164de6f29eaa5\">\n#top .av-special-heading.av-av_heading-1acb426b5142d28491f164de6f29eaa5{\npadding-bottom:10px;\n}\nbody .av-special-heading.av-av_heading-1acb426b5142d28491f164de6f29eaa5 .av-special-heading-tag .heading-char{\nfont-size:25px;\n}\n.av-special-heading.av-av_heading-1acb426b5142d28491f164de6f29eaa5 .av-subheading{\nfont-size:10px;\n}\n<\/style>\n<div  class='av-special-heading av-av_heading-1acb426b5142d28491f164de6f29eaa5 av-special-heading-h3  avia-builder-el-1  el_after_av_slideshow_full  el_before_av_three_fourth  avia-builder-el-first '><h3 class='av-special-heading-tag '  itemprop=\"headline\"  >LACTINOVA\u00ae mama <\/h3><div class=\"special-heading-border\"><div class=\"special-heading-inner-border\"><\/div><\/div><\/div>\n<div  class='flex_column av-av_three_fourth-2a9015ff38129c418a3f2eafba3e9512 av_three_fourth  avia-builder-el-2  el_after_av_heading  el_before_av_one_fourth  first flex_column_div  '     ><div  class='tabcontainer av-av_tab_container-52986e049f13b09c94750f825dc1a44c sidebar_tab sidebar_tab_left  avia-builder-el-3  avia-builder-el-no-sibling  noborder_tabs'>\n<section class='av_tab_section av_tab_section av-av_tab-0cf4a2e7a69891225305f0b1c2c0a895'  itemscope=\"itemscope\" itemtype=\"https:\/\/schema.org\/CreativeWork\" ><div id='tab-id-1-tab' class='tab active_tab' role='tab' aria-selected=\"true\" tabindex=\"0\" data-fake-id='#tab-id-1' aria-controls='tab-id-1-content'  itemprop=\"headline\" >What is the LACTINOVA\u00ae mama product?<\/div><div id='tab-id-1-content' class='tab_content active_tab_content' role='tabpanel' aria-labelledby='tab-id-1-tab' aria-hidden=\"false\"><div class='tab_inner_content invers-color'  itemprop=\"text\" ><p><strong>LACTINOVA\u00ae mama <\/strong>is a <strong>new generation oral probiotic<\/strong> supplementing the microflora for <strong>women:<\/strong><\/p>\n<ul>\n<li>planning to become pregnant,<\/li>\n<li><strong>during pregnancy<\/strong> (2<sup>nd<\/sup> and 3<sup>rd<\/sup> trimester)<\/li>\n<li>during <strong>breastfeeding<\/strong><\/li>\n<\/ul>\n<p>Dietary supplement<\/p>\n<p>*The product uses a patented\u00a0<b>microencapsulation\u00a0<\/b>technology of lactic acid bacteria, which requires a specific, patented method of analysis available from the manufacturer to quantify live bacterial cells (flow cytometry). Patent no.: RM2009A000591\u201d<\/p>\n<\/div><\/div><\/section>\n<section class='av_tab_section av_tab_section av-av_tab-8e60915a804677e8304506be26de158a'  itemscope=\"itemscope\" itemtype=\"https:\/\/schema.org\/CreativeWork\" ><div id='tab-id-2-tab' class='tab' role='tab' aria-selected=\"false\" tabindex=\"0\" data-fake-id='#tab-id-2' aria-controls='tab-id-2-content'  itemprop=\"headline\" >LACTINOVA\u00ae mama mechanism of action<\/div><div id='tab-id-2-content' class='tab_content' role='tabpanel' aria-labelledby='tab-id-2-tab' aria-hidden=\"true\"><div class='tab_inner_content invers-color'  itemprop=\"text\" ><p>Probiotic bacteria: <strong><em>Lactobacillus<\/em><\/strong> and <strong><em>Bifidobacterium<\/em><\/strong><em>,<\/em> contained in LACTINOVA\u00ae mama, colonize the small and large intestine, supplementing the microbiota of pregnant women, women planning pregnancy and women during lactation.<\/p>\n<ul>\n<li><strong><em>Lactobacillus rhamnosus<\/em><\/strong><strong> GG <\/strong>is a probiotic strain the most thoroughly tested through clinical trials worldwide.<\/li>\n<li><strong> <em>Lactobacillus acidophilus<\/em> LA02 <\/strong>helps maintain acid-base homeostasis in the gastrointestinal tract<\/li>\n<li><strong> <em>Bifidobacterium<\/em> <\/strong>are the first bacteria to colonize baby\u2019s gastrointestinal tract.<\/li>\n<\/ul>\n<p>Dietary supplement<\/p>\n<\/div><\/div><\/section>\n<section class='av_tab_section av_tab_section av-av_tab-aaf4555910672c3fc81c022a6ce1b7e5'  itemscope=\"itemscope\" itemtype=\"https:\/\/schema.org\/CreativeWork\" ><div id='tab-id-3-tab' class='tab' role='tab' aria-selected=\"false\" tabindex=\"0\" data-fake-id='#tab-id-3' aria-controls='tab-id-3-content'  itemprop=\"headline\" >How to use the product?<\/div><div id='tab-id-3-content' class='tab_content' role='tabpanel' aria-labelledby='tab-id-3-tab' aria-hidden=\"true\"><div class='tab_inner_content invers-color'  itemprop=\"text\" ><p><strong>1 capsule daily<\/strong> or as prescribed by the physician.<\/p>\n<p>Swallow Lactinova\u00ae mama capsule and wash down with a glass of liquid (e.g. water). Always swallow the capsule in whole. Do not open it or chew. Do not dissolve the contents in liquids.<\/p>\n<p><strong>Probiotic should be used for at least 1 month.<\/strong><\/p>\n<ul>\n<li>This product <strong>can be used in combination with vitamin products <\/strong>and<strong> omega-3 acids<\/strong><\/li>\n<li>This product <strong>can be used by women supplementing iron products<\/strong>, as well as <strong>during <\/strong>and<strong> after antibiotic therapy.<\/strong><\/li>\n<\/ul>\n<\/div><\/div><\/section>\n<section class='av_tab_section av_tab_section av-av_tab-a933a1613a9215b9becb0ec5038680a3'  itemscope=\"itemscope\" itemtype=\"https:\/\/schema.org\/CreativeWork\" ><div id='tab-id-4-tab' class='tab' role='tab' aria-selected=\"false\" tabindex=\"0\" data-fake-id='#tab-id-4' aria-controls='tab-id-4-content'  itemprop=\"headline\" >Package<\/div><div id='tab-id-4-content' class='tab_content' role='tabpanel' aria-labelledby='tab-id-4-tab' aria-hidden=\"true\"><div class='tab_inner_content invers-color'  itemprop=\"text\" ><p>Lactinova\u00ae mama dietary supplement is available in a packaging containing <strong>28 capsules<\/strong><\/p>\n<\/div><\/div><\/section>\n<section class='av_tab_section av_tab_section av-av_tab-d23feac056887fa689cdc1cc82d03880'  itemscope=\"itemscope\" itemtype=\"https:\/\/schema.org\/CreativeWork\" ><div id='tab-id-5-tab' class='tab' role='tab' aria-selected=\"false\" tabindex=\"0\" data-fake-id='#tab-id-5' aria-controls='tab-id-5-content'  itemprop=\"headline\" >Important information<\/div><div id='tab-id-5-content' class='tab_content' role='tabpanel' aria-labelledby='tab-id-5-tab' aria-hidden=\"true\"><div class='tab_inner_content invers-color'  itemprop=\"text\" ><p><strong>Warnings:<\/strong><\/p>\n<ul>\n<li>Do not exceed the daily recommended portion for consumption.<\/li>\n<li>Dietary supplement cannot substitute a balanced diet.<\/li>\n<li>It is important to follow a healthy lifestyle and eat healthy diet to ensure adequate intake of nutrients.<\/li>\n<li>Do not use in case of allergy to any of the product\u2019s ingredients.<\/li>\n<\/ul>\n<\/div><\/div><\/section>\n<\/div><\/div>\n\n<style type=\"text\/css\" data-created_by=\"avia_inline_auto\" id=\"style-css-av-av_one_fourth-0aa7055fe62c3622faec82866afbaeb2\">\n.flex_column.av-av_one_fourth-0aa7055fe62c3622faec82866afbaeb2{\nborder-radius:0px 0px 0px 0px;\npadding:0px 0px 0px 0px;\n}\n<\/style>\n<div  class='flex_column av-av_one_fourth-0aa7055fe62c3622faec82866afbaeb2 av_one_fourth  avia-builder-el-4  el_after_av_three_fourth  el_before_av_hr  flex_column_div av-zero-column-padding  '     ><section  class='av_textblock_section av-av_textblock-0366cc7376be6c9e82a3e9cc8987b64f '   itemscope=\"itemscope\" itemtype=\"https:\/\/schema.org\/CreativeWork\" ><div class='avia_textblock'  itemprop=\"text\" ><p style=\"text-align: right;\">Buy it online:<\/p>\n<\/div><\/section><br \/>\n<div  class='avia-button-wrap av-av_button-d2f25aac7f3e25faacc7c9b326ab1243-wrap avia-button-right  avia-builder-el-6  el_after_av_textblock  avia-builder-el-last '>\n<style type=\"text\/css\" data-created_by=\"avia_inline_auto\" id=\"style-css-av-av_button-d2f25aac7f3e25faacc7c9b326ab1243\">\n#top #wrap_all .avia-button.av-av_button-d2f25aac7f3e25faacc7c9b326ab1243{\nbackground-color:#023d7e;\nborder-color:#023d7e;\ncolor:#ffffff;\ntransition:all 0.4s ease-in-out;\n}\n<\/style>\n<a href='https:\/\/aptekaria.pl\/lactinova-mama-probiotyk-28-kaps'  class='avia-button av-av_button-d2f25aac7f3e25faacc7c9b326ab1243 av-link-btn avia-icon_select-yes-left-icon avia-size-large avia-position-right'  target=\"_blank\"  rel=\"noopener noreferrer\"  aria-label=\"Go shop\"><span class='avia_button_icon avia_button_icon_left' aria-hidden='true' data-av_icon='\ue87d' data-av_iconfont='entypo-fontello'><\/span><span class='avia_iconbox_title' >Go shop<\/span><\/a><\/div><\/p><\/div>\n<style type=\"text\/css\" data-created_by=\"avia_inline_auto\" id=\"style-css-av-av_hr-2683186cf6c434c3fdebf44adb9dc21f\">\n#top .hr.hr-invisible.av-av_hr-2683186cf6c434c3fdebf44adb9dc21f{\nheight:20px;\n}\n<\/style>\n<div  class='hr av-av_hr-2683186cf6c434c3fdebf44adb9dc21f hr-invisible  avia-builder-el-7  el_after_av_one_fourth  el_before_av_one_third '><span class='hr-inner '><span class=\"hr-inner-style\"><\/span><\/span><\/div><\/p>\n<div  class='flex_column av-av_one_third-2a9015ff38129c418a3f2eafba3e9512 av_one_third  avia-builder-el-8  el_after_av_hr  avia-builder-el-last  first flex_column_div  '     ><p>\n<style type=\"text\/css\" data-created_by=\"avia_inline_auto\" id=\"style-css-av-av_heading-e60e4ed726c917de9263f8cc06a1f126\">\n#top .av-special-heading.av-av_heading-e60e4ed726c917de9263f8cc06a1f126{\npadding-bottom:10px;\n}\nbody .av-special-heading.av-av_heading-e60e4ed726c917de9263f8cc06a1f126 .av-special-heading-tag .heading-char{\nfont-size:25px;\n}\n.av-special-heading.av-av_heading-e60e4ed726c917de9263f8cc06a1f126 .av-subheading{\nfont-size:10px;\n}\n<\/style>\n<div  class='av-special-heading av-av_heading-e60e4ed726c917de9263f8cc06a1f126 av-special-heading-h3  avia-builder-el-9  el_before_av_hr  avia-builder-el-first '><h3 class='av-special-heading-tag '  itemprop=\"headline\"  >Gynecology<\/h3><div class=\"special-heading-border\"><div class=\"special-heading-inner-border\"><\/div><\/div><\/div><br \/>\n\n<style type=\"text\/css\" data-created_by=\"avia_inline_auto\" id=\"style-css-av-av_hr-080c36bb62e965ffaa6a99ded9c7840c\">\n#top .hr.hr-invisible.av-av_hr-080c36bb62e965ffaa6a99ded9c7840c{\nheight:15px;\n}\n<\/style>\n<div  class='hr av-av_hr-080c36bb62e965ffaa6a99ded9c7840c hr-invisible  avia-builder-el-10  el_after_av_heading  el_before_av_image '><span class='hr-inner '><span class=\"hr-inner-style\"><\/span><\/span><\/div><br \/>\n\n<style type=\"text\/css\" data-created_by=\"avia_inline_auto\" id=\"style-css-av-av_image-6c376b8c5cd90b0e81169e81544e045b\">\n.avia-image-container.av-av_image-6c376b8c5cd90b0e81169e81544e045b img.avia_image{\nbox-shadow:none;\n}\n.avia-image-container.av-av_image-6c376b8c5cd90b0e81169e81544e045b .av-image-caption-overlay-center{\ncolor:#ffffff;\n}\n<\/style>\n<div  class='avia-image-container av-av_image-6c376b8c5cd90b0e81169e81544e045b av-styling- av-img-linked avia-align-center  avia-builder-el-11  el_after_av_hr  el_before_av_one_third '   itemprop=\"image\" itemscope=\"itemscope\" itemtype=\"https:\/\/schema.org\/ImageObject\" ><div class=\"avia-image-container-inner\"><div class=\"avia-image-overlay-wrap\"><a href=\"https:\/\/hexanova.pl\/en\/gynecology\/\" class='avia_image '  aria-label='ginekologia'><img decoding=\"async\" width=\"302\" height=\"202\" fetchpriority=\"high\" class='wp-image-3379 avia-img-lazy-loading-not-3379 avia_image ' src=\"http:\/\/hexanova.pl\/wp-content\/uploads\/2013\/12\/ginekologia.jpg\" alt='' title='ginekologia'   itemprop=\"thumbnailUrl\" srcset=\"https:\/\/hexanova.pl\/wp-content\/uploads\/2013\/12\/ginekologia.jpg 302w, https:\/\/hexanova.pl\/wp-content\/uploads\/2013\/12\/ginekologia-300x200.jpg 300w\" sizes=\"(max-width: 302px) 100vw, 302px\" \/><\/a><\/div><\/div><\/div><\/p><\/div>\n\n<style type=\"text\/css\" data-created_by=\"avia_inline_auto\" id=\"style-css-av-av_one_third-0aa7055fe62c3622faec82866afbaeb2\">\n.flex_column.av-av_one_third-0aa7055fe62c3622faec82866afbaeb2{\nborder-radius:0px 0px 0px 0px;\npadding:0px 0px 0px 0px;\n}\n<\/style>\n<div  class='flex_column av-av_one_third-0aa7055fe62c3622faec82866afbaeb2 av_one_third  avia-builder-el-12  el_after_av_image  avia-builder-el-last  flex_column_div av-zero-column-padding  '     ><p>\n<style type=\"text\/css\" data-created_by=\"avia_inline_auto\" id=\"style-css-av-av_heading-f932947845679a99f47841b611f72325\">\n#top .av-special-heading.av-av_heading-f932947845679a99f47841b611f72325{\npadding-bottom:10px;\n}\nbody .av-special-heading.av-av_heading-f932947845679a99f47841b611f72325 .av-special-heading-tag .heading-char{\nfont-size:25px;\n}\n.av-special-heading.av-av_heading-f932947845679a99f47841b611f72325 .av-subheading{\nfont-size:15px;\n}\n<\/style>\n<div  class='av-special-heading av-av_heading-f932947845679a99f47841b611f72325 av-special-heading-h3  avia-builder-el-13  avia-builder-el-no-sibling '><h3 class='av-special-heading-tag '  itemprop=\"headline\"  >Dermatology<\/h3><div class=\"special-heading-border\"><div class=\"special-heading-inner-border\"><\/div><\/div><\/div><br \/>\n\n<style type=\"text\/css\" data-created_by=\"avia_inline_auto\" id=\"style-css-av-av_hr-080c36bb62e965ffaa6a99ded9c7840c\">\n#top .hr.hr-invisible.av-av_hr-080c36bb62e965ffaa6a99ded9c7840c{\nheight:15px;\n}\n<\/style>\n<div  class='hr av-av_hr-080c36bb62e965ffaa6a99ded9c7840c hr-invisible  avia-builder-el-14  el_before_av_image  avia-builder-el-first '><span class='hr-inner '><span class=\"hr-inner-style\"><\/span><\/span><\/div><br \/>\n\n<style type=\"text\/css\" data-created_by=\"avia_inline_auto\" id=\"style-css-av-av_image-f3088891b37995c6698641c8de6a05fb\">\n.avia-image-container.av-av_image-f3088891b37995c6698641c8de6a05fb img.avia_image{\nbox-shadow:none;\n}\n.avia-image-container.av-av_image-f3088891b37995c6698641c8de6a05fb .av-image-caption-overlay-center{\ncolor:#ffffff;\n}\n<\/style>\n<div  class='avia-image-container av-av_image-f3088891b37995c6698641c8de6a05fb av-styling- av-img-linked avia-align-center  avia-builder-el-15  el_after_av_hr  el_before_av_one_third '   itemprop=\"image\" itemscope=\"itemscope\" itemtype=\"https:\/\/schema.org\/ImageObject\" ><div class=\"avia-image-container-inner\"><div class=\"avia-image-overlay-wrap\"><a href=\"https:\/\/hexanova.pl\/en\/dermatology\/\" class='avia_image '  aria-label='dermatologia'><img decoding=\"async\" width=\"302\" height=\"202\" fetchpriority=\"high\" class='wp-image-3378 avia-img-lazy-loading-not-3378 avia_image ' src=\"http:\/\/hexanova.pl\/wp-content\/uploads\/2013\/12\/dermatologia.jpg\" alt='' title='dermatologia'   itemprop=\"thumbnailUrl\" srcset=\"https:\/\/hexanova.pl\/wp-content\/uploads\/2013\/12\/dermatologia.jpg 302w, https:\/\/hexanova.pl\/wp-content\/uploads\/2013\/12\/dermatologia-300x200.jpg 300w\" sizes=\"(max-width: 302px) 100vw, 302px\" \/><\/a><\/div><\/div><\/div><\/p><\/div>\n\n<style type=\"text\/css\" data-created_by=\"avia_inline_auto\" id=\"style-css-av-av_one_third-0aa7055fe62c3622faec82866afbaeb2\">\n.flex_column.av-av_one_third-0aa7055fe62c3622faec82866afbaeb2{\nborder-radius:0px 0px 0px 0px;\npadding:0px 0px 0px 0px;\n}\n<\/style>\n<div  class='flex_column av-av_one_third-0aa7055fe62c3622faec82866afbaeb2 av_one_third  avia-builder-el-16  el_after_av_image  el_before_av_hr  flex_column_div av-zero-column-padding  '     ><p>\n<style type=\"text\/css\" data-created_by=\"avia_inline_auto\" id=\"style-css-av-av_heading-a691f30875a246df70ea2d4841463cf0\">\n#top .av-special-heading.av-av_heading-a691f30875a246df70ea2d4841463cf0{\npadding-bottom:10px;\n}\nbody .av-special-heading.av-av_heading-a691f30875a246df70ea2d4841463cf0 .av-special-heading-tag .heading-char{\nfont-size:25px;\n}\n.av-special-heading.av-av_heading-a691f30875a246df70ea2d4841463cf0 .av-subheading{\nfont-size:10px;\n}\n<\/style>\n<div  class='av-special-heading av-av_heading-a691f30875a246df70ea2d4841463cf0 av-special-heading-h3  avia-builder-el-17  el_before_av_hr  avia-builder-el-first '><h3 class='av-special-heading-tag '  itemprop=\"headline\"  >New<\/h3><div class=\"special-heading-border\"><div class=\"special-heading-inner-border\"><\/div><\/div><\/div><br \/>\n\n<style type=\"text\/css\" data-created_by=\"avia_inline_auto\" id=\"style-css-av-av_hr-bd84104f09c397338597807ab31c6aca\">\n#top .hr.hr-invisible.av-av_hr-bd84104f09c397338597807ab31c6aca{\nheight:15px;\n}\n<\/style>\n<div  class='hr av-av_hr-bd84104f09c397338597807ab31c6aca hr-invisible  avia-builder-el-18  el_after_av_heading  el_before_av_image '><span class='hr-inner '><span class=\"hr-inner-style\"><\/span><\/span><\/div><br \/>\n\n<style type=\"text\/css\" data-created_by=\"avia_inline_auto\" id=\"style-css-av-av_image-e810bb291501af782b1ec7dbd59d2dcf\">\n.avia-image-container.av-av_image-e810bb291501af782b1ec7dbd59d2dcf img.avia_image{\nbox-shadow:none;\n}\n.avia-image-container.av-av_image-e810bb291501af782b1ec7dbd59d2dcf .av-image-caption-overlay-center{\ncolor:#ffffff;\n}\n<\/style>\n<div  class='avia-image-container av-av_image-e810bb291501af782b1ec7dbd59d2dcf av-styling- av-img-linked avia-align-center  avia-builder-el-19  el_after_av_hr  avia-builder-el-last '   itemprop=\"image\" itemscope=\"itemscope\" itemtype=\"https:\/\/schema.org\/ImageObject\" ><div class=\"avia-image-container-inner\"><div class=\"avia-image-overlay-wrap\"><a href=\"https:\/\/hexanova.pl\/en\/?page_id=3979\" class='avia_image '  aria-label='canditon-new'><img decoding=\"async\" fetchpriority=\"high\" class='wp-image-4000 avia-img-lazy-loading-not-4000 avia_image ' src=\"https:\/\/hexanova.pl\/wp-content\/uploads\/2019\/10\/canditon-new.jpg\" alt='' title='canditon-new'  height=\"202\" width=\"302\"  itemprop=\"thumbnailUrl\" srcset=\"https:\/\/hexanova.pl\/wp-content\/uploads\/2019\/10\/canditon-new.jpg 302w, https:\/\/hexanova.pl\/wp-content\/uploads\/2019\/10\/canditon-new-300x201.jpg 300w\" sizes=\"(max-width: 302px) 100vw, 302px\" \/><\/a><\/div><\/div><\/div><\/p><\/div>\n\n<style type=\"text\/css\" data-created_by=\"avia_inline_auto\" id=\"style-css-av-av_hr-2683186cf6c434c3fdebf44adb9dc21f\">\n#top .hr.hr-invisible.av-av_hr-2683186cf6c434c3fdebf44adb9dc21f{\nheight:20px;\n}\n<\/style>\n<div  class='hr av-av_hr-2683186cf6c434c3fdebf44adb9dc21f hr-invisible  avia-builder-el-20  el_after_av_one_third  el_before_av_section  avia-builder-el-last '><span class='hr-inner '><span class=\"hr-inner-style\"><\/span><\/span><\/div>\n<\/div><\/div><\/div><!-- close content main div --><\/div><\/div><div id='av_section_1'  class='avia-section av-av_section-362549fffc3f5708c44aab2e9b5944d7 main_color avia-section-default avia-shadow  avia-builder-el-21  el_after_av_hr  avia-builder-el-last  avia-bg-style-fixed container_wrap sidebar_left'  ><div class='container av-section-cont-open' ><div class='template-page content  av-content-small units'><div class='post-entry post-entry-type-page post-entry-3988'><div class='entry-content-wrapper clearfix'>\n<section  class='av_textblock_section av-av_textblock-2989cb1a500f76248ec894598f4e8e5e '   itemscope=\"itemscope\" itemtype=\"https:\/\/schema.org\/CreativeWork\" ><div class='avia_textblock'  itemprop=\"text\" ><h3 style=\"text-align: center;\"><span style=\"color: #ffffff;\">\u00a0\u00a0\u00a0 &#8220;Nasz\u0105 misj\u0105 jest wspieranie os\u00f3b, kt\u00f3re chc\u0105 zdrowiej i lepiej \u017cy\u0107. Je\u015bli i Ty do nich nale\u017cysz \u2013 sprawd\u017a koniecznie nasze produkty!&#8221;<br \/>\n<\/span><\/h3>\n<p style=\"text-align: center;\"><span style=\"color: #ffffff;\">\u00a0\u00a0\u00a0 \u2212 Hexanova<\/span><\/p>\n<\/div><\/section>\n<\/div><\/div><\/div><!-- close content main div --><\/div><\/div><div id='after_section_1'  class='main_color av_default_container_wrap container_wrap sidebar_left'  ><div class='container av-section-cont-open' ><div class='template-page content  av-content-small units'><div class='post-entry post-entry-type-page post-entry-3988'><div class='entry-content-wrapper clearfix'>\n","protected":false},"excerpt":{"rendered":"","protected":false},"author":5,"featured_media":0,"parent":1547,"menu_order":0,"comment_status":"open","ping_status":"closed","template":"","meta":{"footnotes":""},"class_list":["post-3988","page","type-page","status-publish","hentry"],"aioseo_notices":[],"_links":{"self":[{"href":"https:\/\/hexanova.pl\/en\/wp-json\/wp\/v2\/pages\/3988","targetHints":{"allow":["GET"]}}],"collection":[{"href":"https:\/\/hexanova.pl\/en\/wp-json\/wp\/v2\/pages"}],"about":[{"href":"https:\/\/hexanova.pl\/en\/wp-json\/wp\/v2\/types\/page"}],"author":[{"embeddable":true,"href":"https:\/\/hexanova.pl\/en\/wp-json\/wp\/v2\/users\/5"}],"replies":[{"embeddable":true,"href":"https:\/\/hexanova.pl\/en\/wp-json\/wp\/v2\/comments?post=3988"}],"version-history":[{"count":8,"href":"https:\/\/hexanova.pl\/en\/wp-json\/wp\/v2\/pages\/3988\/revisions"}],"predecessor-version":[{"id":4384,"href":"https:\/\/hexanova.pl\/en\/wp-json\/wp\/v2\/pages\/3988\/revisions\/4384"}],"up":[{"embeddable":true,"href":"https:\/\/hexanova.pl\/en\/wp-json\/wp\/v2\/pages\/1547"}],"wp:attachment":[{"href":"https:\/\/hexanova.pl\/en\/wp-json\/wp\/v2\/media?parent=3988"}],"curies":[{"name":"wp","href":"https:\/\/api.w.org\/{rel}","templated":true}]}}