{"id":2986,"date":"2019-02-27T12:25:38","date_gmt":"2019-02-27T11:25:38","guid":{"rendered":"http:\/\/hexanova.pl\/?page_id=2986"},"modified":"2019-12-10T18:33:54","modified_gmt":"2019-12-10T17:33:54","slug":"lactinova-femina","status":"publish","type":"page","link":"https:\/\/hexanova.pl\/en\/gynecology\/lactinova-femina\/","title":{"rendered":"LACTINOVA Femina"},"content":{"rendered":"<div id='full_slider_1'  class='avia-fullwidth-slider main_color avia-shadow   avia-builder-el-0  el_before_av_heading  avia-builder-el-first   container_wrap sidebar_left'  ><div  class='avia-slideshow av-av_slideshow_full-32de997090c749a8c82b86d1ff824dd4 avia-slideshow-featured av_slideshow_full avia-slide-slider av-slideshow-ui av-control-default av-slideshow-manual av-loop-once av-loop-manual-endless av-default-height-applied   avia-slideshow-1' data-slideshow-options=\"{&quot;animation&quot;:&quot;slide&quot;,&quot;autoplay&quot;:false,&quot;loop_autoplay&quot;:&quot;once&quot;,&quot;interval&quot;:5,&quot;loop_manual&quot;:&quot;manual-endless&quot;,&quot;autoplay_stopper&quot;:false,&quot;noNavigation&quot;:false,&quot;bg_slider&quot;:false,&quot;keep_padding&quot;:false,&quot;hoverpause&quot;:false,&quot;show_slide_delay&quot;:0}\"  itemprop=\"image\" itemscope=\"itemscope\" itemtype=\"https:\/\/schema.org\/ImageObject\" ><ul class='avia-slideshow-inner ' style='padding-bottom: 28.666666666667%;'><li  class='avia-slideshow-slide av-av_slideshow_full-32de997090c749a8c82b86d1ff824dd4__0  av-single-slide slide-1 slide-odd'><div data-rel='slideshow-1' class='avia-slide-wrap '   ><img decoding=\"async\" fetchpriority=\"high\" class=\"wp-image-3289 avia-img-lazy-loading-not-3289\"  src=\"https:\/\/hexanova.pl\/wp-content\/uploads\/2019\/03\/Slider-Lactinova-femina-en.jpg\" width=\"1500\" height=\"430\" title='Slider-Lactinova-femina-en' alt=''  itemprop=\"thumbnailUrl\" srcset=\"https:\/\/hexanova.pl\/wp-content\/uploads\/2019\/03\/Slider-Lactinova-femina-en.jpg 1500w, https:\/\/hexanova.pl\/wp-content\/uploads\/2019\/03\/Slider-Lactinova-femina-en-300x86.jpg 300w, https:\/\/hexanova.pl\/wp-content\/uploads\/2019\/03\/Slider-Lactinova-femina-en-768x220.jpg 768w, https:\/\/hexanova.pl\/wp-content\/uploads\/2019\/03\/Slider-Lactinova-femina-en-1030x295.jpg 1030w, https:\/\/hexanova.pl\/wp-content\/uploads\/2019\/03\/Slider-Lactinova-femina-en-705x202.jpg 705w, https:\/\/hexanova.pl\/wp-content\/uploads\/2019\/03\/Slider-Lactinova-femina-en-450x129.jpg 450w\" sizes=\"(max-width: 1500px) 100vw, 1500px\" \/><\/div><\/li><\/ul><\/div><\/div><div id='after_full_slider_1'  class='main_color av_default_container_wrap container_wrap sidebar_left'  ><div class='container av-section-cont-open' ><div class='template-page content  av-content-small units'><div class='post-entry post-entry-type-page post-entry-2986'><div class='entry-content-wrapper clearfix'>\n\n<style type=\"text\/css\" data-created_by=\"avia_inline_auto\" id=\"style-css-av-av_heading-f9a2af4ac26a868ce01801e607de9a3d\">\n#top .av-special-heading.av-av_heading-f9a2af4ac26a868ce01801e607de9a3d{\npadding-bottom:10px;\n}\nbody .av-special-heading.av-av_heading-f9a2af4ac26a868ce01801e607de9a3d .av-special-heading-tag .heading-char{\nfont-size:25px;\n}\n.av-special-heading.av-av_heading-f9a2af4ac26a868ce01801e607de9a3d .av-subheading{\nfont-size:10px;\n}\n<\/style>\n<div  class='av-special-heading av-av_heading-f9a2af4ac26a868ce01801e607de9a3d av-special-heading-h3  avia-builder-el-1  el_after_av_slideshow_full  el_before_av_three_fourth  avia-builder-el-first '><h3 class='av-special-heading-tag '  itemprop=\"headline\"  >LACTINOVA<sup>\u00ae<\/sup> Femina<\/h3><div class=\"special-heading-border\"><div class=\"special-heading-inner-border\"><\/div><\/div><\/div>\n<div  class='flex_column av-av_three_fourth-2a9015ff38129c418a3f2eafba3e9512 av_three_fourth  avia-builder-el-2  el_after_av_heading  el_before_av_one_fourth  first flex_column_div  '     ><div  class='tabcontainer av-av_tab_container-52986e049f13b09c94750f825dc1a44c sidebar_tab sidebar_tab_left  avia-builder-el-3  avia-builder-el-no-sibling  noborder_tabs'>\n<section class='av_tab_section av_tab_section av-av_tab-79532f49670592040266a3ea44b8a0cb'  itemscope=\"itemscope\" itemtype=\"https:\/\/schema.org\/CreativeWork\" ><div id='tab-id-1-tab' class='tab active_tab' role='tab' aria-selected=\"true\" tabindex=\"0\" data-fake-id='#tab-id-1' aria-controls='tab-id-1-content'  itemprop=\"headline\" >What is the LACTINOVA\u00ae femina product?<\/div><div id='tab-id-1-content' class='tab_content active_tab_content' role='tabpanel' aria-labelledby='tab-id-1-tab' aria-hidden=\"false\"><div class='tab_inner_content invers-color'  itemprop=\"text\" ><p><strong>LACTINOVA\u00ae femina <\/strong>is a <strong>new generation oral probiotic<\/strong> designed <strong>for women<\/strong> and <strong>girls over the age of 12.<\/strong><\/p>\n<p>Dietary supplement<\/p>\n<p>*The product uses a patented\u00a0<b>microencapsulation\u00a0<\/b>technology of lactic acid bacteria, which requires a specific, patented method of analysis available from the manufacturer to quantify live bacterial cells (flow cytometry). Patent no.: RM2009A000591\u201d<\/p>\n<\/div><\/div><\/section>\n<section class='av_tab_section av_tab_section av-av_tab-0294fdf5f0a765e027667a5a33a820ba'  itemscope=\"itemscope\" itemtype=\"https:\/\/schema.org\/CreativeWork\" ><div id='tab-id-2-tab' class='tab' role='tab' aria-selected=\"false\" tabindex=\"0\" data-fake-id='#tab-id-2' aria-controls='tab-id-2-content'  itemprop=\"headline\" >LACTINOVA\u00ae femina mechanism of action<\/div><div id='tab-id-2-content' class='tab_content' role='tabpanel' aria-labelledby='tab-id-2-tab' aria-hidden=\"true\"><div class='tab_inner_content invers-color'  itemprop=\"text\" ><p>Probiotic bacteria: <strong><em>Lactobacillus<\/em><\/strong>, contained in LACTINOVA\u00ae femina, colonize the small and large intestines, complementing the intestinal microbiota.<\/p>\n<p>The unique <strong>MICROBAC technology<\/strong> increases the durability and survival of <em>Lactobacillus<\/em>.<\/p>\n<p><strong>Indication:<\/strong><\/p>\n<ul>\n<li>To supplement your diet <strong>during <\/strong>and <strong>after antibiotic therapy<\/strong><\/li>\n<li>During and after <strong>using antibacterial or antifungal medicines<\/strong><\/li>\n<li>During and after <strong>menstruation <\/strong>and<strong> in the perimenopausal period<\/strong><\/li>\n<li>During <strong>travel <\/strong>and <strong>climate change<\/strong><\/li>\n<li>To <strong>maintain the balance of intestinal microflora<\/strong> and reduce bacteria and fungi harmful to health and intimate zones<\/li>\n<\/ul>\n<p>Dietary supplement<\/p>\n<\/div><\/div><\/section>\n<section class='av_tab_section av_tab_section av-av_tab-aaf4555910672c3fc81c022a6ce1b7e5'  itemscope=\"itemscope\" itemtype=\"https:\/\/schema.org\/CreativeWork\" ><div id='tab-id-3-tab' class='tab' role='tab' aria-selected=\"false\" tabindex=\"0\" data-fake-id='#tab-id-3' aria-controls='tab-id-3-content'  itemprop=\"headline\" >How to use the product?<\/div><div id='tab-id-3-content' class='tab_content' role='tabpanel' aria-labelledby='tab-id-3-tab' aria-hidden=\"true\"><div class='tab_inner_content invers-color'  itemprop=\"text\" ><p>Recommended daily intake: <strong>1 capsule per day<\/strong><\/p>\n<p>Take the product only by swallowing the capsule in its entirety. Next, drink some water or small quantity of juice. Do not open or chew. Do not dilute the capsule content in liquids.<\/p>\n<p>If you plan to travel to places with different bacterial flora, start taking <strong>LACTINOVA\u00ae femina<\/strong> probiotic at least 3 days before the departure.<\/p>\n<p>LACTINOVA\u00ae femina is also recommended for use in days following antibiotic treatment<\/p>\n<p>Product <strong>suitable for diabetic<\/strong> patients, <strong>vegetarians<\/strong>. <strong>Gluten<\/strong> and <strong>lactose free<\/strong>.<\/p>\n<\/div><\/div><\/section>\n<section class='av_tab_section av_tab_section av-av_tab-d23feac056887fa689cdc1cc82d03880'  itemscope=\"itemscope\" itemtype=\"https:\/\/schema.org\/CreativeWork\" ><div id='tab-id-4-tab' class='tab' role='tab' aria-selected=\"false\" tabindex=\"0\" data-fake-id='#tab-id-4' aria-controls='tab-id-4-content'  itemprop=\"headline\" >Important information<\/div><div id='tab-id-4-content' class='tab_content' role='tabpanel' aria-labelledby='tab-id-4-tab' aria-hidden=\"true\"><div class='tab_inner_content invers-color'  itemprop=\"text\" ><p><strong>Warnings:<\/strong><\/p>\n<ul>\n<li>Do not use in case of hypersensitivity to any of product components.<\/li>\n<li>Do not exceed the recommended daily intake portion.<\/li>\n<li>The dietary supplement cannot be used as a substitute of a varied diet. It is important to keep a healthy lifestyle and follow a varied diet to provide the body with sufficient quantities of nutrients.<\/li>\n<li>The use of supplementation during pregnancy and breastfeeding is possible, however any supplementation should be reported to the attending physician or pharmacist.<\/li>\n<\/ul>\n<\/div><\/div><\/section>\n<section class='av_tab_section av_tab_section av-av_tab-a933a1613a9215b9becb0ec5038680a3'  itemscope=\"itemscope\" itemtype=\"https:\/\/schema.org\/CreativeWork\" ><div id='tab-id-5-tab' class='tab' role='tab' aria-selected=\"false\" tabindex=\"0\" data-fake-id='#tab-id-5' aria-controls='tab-id-5-content'  itemprop=\"headline\" >Package<\/div><div id='tab-id-5-content' class='tab_content' role='tabpanel' aria-labelledby='tab-id-5-tab' aria-hidden=\"true\"><div class='tab_inner_content invers-color'  itemprop=\"text\" ><p><strong>LACTINOVA\u00ae femina<\/strong> dietary supplement is available in a pack of 14 capsules.<\/p>\n<\/div><\/div><\/section>\n<\/div><\/div>\n\n<style type=\"text\/css\" data-created_by=\"avia_inline_auto\" id=\"style-css-av-av_one_fourth-0aa7055fe62c3622faec82866afbaeb2\">\n.flex_column.av-av_one_fourth-0aa7055fe62c3622faec82866afbaeb2{\nborder-radius:0px 0px 0px 0px;\npadding:0px 0px 0px 0px;\n}\n<\/style>\n<div  class='flex_column av-av_one_fourth-0aa7055fe62c3622faec82866afbaeb2 av_one_fourth  avia-builder-el-4  el_after_av_three_fourth  el_before_av_hr  flex_column_div av-zero-column-padding  '     ><section  class='av_textblock_section av-av_textblock-0366cc7376be6c9e82a3e9cc8987b64f '   itemscope=\"itemscope\" itemtype=\"https:\/\/schema.org\/CreativeWork\" ><div class='avia_textblock'  itemprop=\"text\" ><p style=\"text-align: right;\">Check us out on the web pharmacy:<\/p>\n<\/div><\/section><br \/>\n<div  class='avia-button-wrap av-av_button-5265665e0f84313716b8704186c616a5-wrap avia-button-right  avia-builder-el-6  el_after_av_textblock  avia-builder-el-last '>\n<style type=\"text\/css\" data-created_by=\"avia_inline_auto\" id=\"style-css-av-av_button-5265665e0f84313716b8704186c616a5\">\n#top #wrap_all .avia-button.av-av_button-5265665e0f84313716b8704186c616a5{\nbackground-color:#023d7e;\nborder-color:#023d7e;\ncolor:#ffffff;\ntransition:all 0.4s ease-in-out;\n}\n<\/style>\n<a href='https:\/\/aptekaria.pl\/lactinova-femina-probiotyk-14-kapsulek'  class='avia-button av-av_button-5265665e0f84313716b8704186c616a5 av-link-btn avia-icon_select-yes-left-icon avia-size-large avia-position-right'  target=\"_blank\"  rel=\"noopener noreferrer\"  aria-label=\"Go to pharmacy\"><span class='avia_button_icon avia_button_icon_left' aria-hidden='true' data-av_icon='\ue87d' data-av_iconfont='entypo-fontello'><\/span><span class='avia_iconbox_title' >Go to pharmacy<\/span><\/a><\/div><\/p><\/div>\n<style type=\"text\/css\" data-created_by=\"avia_inline_auto\" id=\"style-css-av-av_hr-2683186cf6c434c3fdebf44adb9dc21f\">\n#top .hr.hr-invisible.av-av_hr-2683186cf6c434c3fdebf44adb9dc21f{\nheight:20px;\n}\n<\/style>\n<div  class='hr av-av_hr-2683186cf6c434c3fdebf44adb9dc21f hr-invisible  avia-builder-el-7  el_after_av_one_fourth  el_before_av_one_third '><span class='hr-inner '><span class=\"hr-inner-style\"><\/span><\/span><\/div><\/p>\n<div  class='flex_column av-av_one_third-2a9015ff38129c418a3f2eafba3e9512 av_one_third  avia-builder-el-8  el_after_av_hr  el_before_av_one_third  first flex_column_div  '     ><p>\n<style type=\"text\/css\" data-created_by=\"avia_inline_auto\" id=\"style-css-av-av_heading-e60e4ed726c917de9263f8cc06a1f126\">\n#top .av-special-heading.av-av_heading-e60e4ed726c917de9263f8cc06a1f126{\npadding-bottom:10px;\n}\nbody .av-special-heading.av-av_heading-e60e4ed726c917de9263f8cc06a1f126 .av-special-heading-tag .heading-char{\nfont-size:25px;\n}\n.av-special-heading.av-av_heading-e60e4ed726c917de9263f8cc06a1f126 .av-subheading{\nfont-size:10px;\n}\n<\/style>\n<div  class='av-special-heading av-av_heading-e60e4ed726c917de9263f8cc06a1f126 av-special-heading-h3  avia-builder-el-9  el_before_av_hr  avia-builder-el-first '><h3 class='av-special-heading-tag '  itemprop=\"headline\"  >Gynecology<\/h3><div class=\"special-heading-border\"><div class=\"special-heading-inner-border\"><\/div><\/div><\/div><br \/>\n\n<style type=\"text\/css\" data-created_by=\"avia_inline_auto\" id=\"style-css-av-av_hr-080c36bb62e965ffaa6a99ded9c7840c\">\n#top .hr.hr-invisible.av-av_hr-080c36bb62e965ffaa6a99ded9c7840c{\nheight:15px;\n}\n<\/style>\n<div  class='hr av-av_hr-080c36bb62e965ffaa6a99ded9c7840c hr-invisible  avia-builder-el-10  el_after_av_heading  el_before_av_image '><span class='hr-inner '><span class=\"hr-inner-style\"><\/span><\/span><\/div><br \/>\n\n<style type=\"text\/css\" data-created_by=\"avia_inline_auto\" id=\"style-css-av-av_image-ec33683d7e30267c854126a3a6874297\">\n.avia-image-container.av-av_image-ec33683d7e30267c854126a3a6874297 img.avia_image{\nbox-shadow:none;\n}\n.avia-image-container.av-av_image-ec33683d7e30267c854126a3a6874297 .av-image-caption-overlay-center{\ncolor:#ffffff;\n}\n<\/style>\n<div  class='avia-image-container av-av_image-ec33683d7e30267c854126a3a6874297 av-styling- av-img-linked avia-align-center  avia-builder-el-11  el_after_av_hr  avia-builder-el-last '   itemprop=\"image\" itemscope=\"itemscope\" itemtype=\"https:\/\/schema.org\/ImageObject\" ><div class=\"avia-image-container-inner\"><div class=\"avia-image-overlay-wrap\"><a href=\"http:\/\/hexanova.pl\/en\/gynecology\/\" class='avia_image '  aria-label='ginekologia'><img decoding=\"async\" width=\"302\" height=\"202\" fetchpriority=\"high\" class='wp-image-3379 avia-img-lazy-loading-not-3379 avia_image ' src=\"http:\/\/hexanova.pl\/wp-content\/uploads\/2013\/12\/ginekologia.jpg\" alt='' title='ginekologia'   itemprop=\"thumbnailUrl\" srcset=\"https:\/\/hexanova.pl\/wp-content\/uploads\/2013\/12\/ginekologia.jpg 302w, https:\/\/hexanova.pl\/wp-content\/uploads\/2013\/12\/ginekologia-300x200.jpg 300w\" sizes=\"(max-width: 302px) 100vw, 302px\" \/><\/a><\/div><\/div><\/div><\/p><\/div>\n\n<style type=\"text\/css\" data-created_by=\"avia_inline_auto\" id=\"style-css-av-av_one_third-0aa7055fe62c3622faec82866afbaeb2\">\n.flex_column.av-av_one_third-0aa7055fe62c3622faec82866afbaeb2{\nborder-radius:0px 0px 0px 0px;\npadding:0px 0px 0px 0px;\n}\n<\/style>\n<div  class='flex_column av-av_one_third-0aa7055fe62c3622faec82866afbaeb2 av_one_third  avia-builder-el-12  el_after_av_one_third  el_before_av_one_third  flex_column_div av-zero-column-padding  '     ><p>\n<style type=\"text\/css\" data-created_by=\"avia_inline_auto\" id=\"style-css-av-av_heading-26b13baf21452f4e12f6e4bc9b756045\">\n#top .av-special-heading.av-av_heading-26b13baf21452f4e12f6e4bc9b756045{\npadding-bottom:10px;\n}\nbody .av-special-heading.av-av_heading-26b13baf21452f4e12f6e4bc9b756045 .av-special-heading-tag .heading-char{\nfont-size:25px;\n}\n.av-special-heading.av-av_heading-26b13baf21452f4e12f6e4bc9b756045 .av-subheading{\nfont-size:10px;\n}\n<\/style>\n<div  class='av-special-heading av-av_heading-26b13baf21452f4e12f6e4bc9b756045 av-special-heading-h3  avia-builder-el-13  el_before_av_hr  avia-builder-el-first '><h3 class='av-special-heading-tag '  itemprop=\"headline\"  >Dermatology<\/h3><div class=\"special-heading-border\"><div class=\"special-heading-inner-border\"><\/div><\/div><\/div><br \/>\n\n<style type=\"text\/css\" data-created_by=\"avia_inline_auto\" id=\"style-css-av-av_hr-bd84104f09c397338597807ab31c6aca\">\n#top .hr.hr-invisible.av-av_hr-bd84104f09c397338597807ab31c6aca{\nheight:15px;\n}\n<\/style>\n<div  class='hr av-av_hr-bd84104f09c397338597807ab31c6aca hr-invisible  avia-builder-el-14  el_after_av_heading  el_before_av_image '><span class='hr-inner '><span class=\"hr-inner-style\"><\/span><\/span><\/div><br \/>\n\n<style type=\"text\/css\" data-created_by=\"avia_inline_auto\" id=\"style-css-av-av_image-bc0916063e6d084853a8a15bd3279f24\">\n.avia-image-container.av-av_image-bc0916063e6d084853a8a15bd3279f24 img.avia_image{\nbox-shadow:none;\n}\n.avia-image-container.av-av_image-bc0916063e6d084853a8a15bd3279f24 .av-image-caption-overlay-center{\ncolor:#ffffff;\n}\n<\/style>\n<div  class='avia-image-container av-av_image-bc0916063e6d084853a8a15bd3279f24 av-styling- av-img-linked avia-align-center  avia-builder-el-15  el_after_av_hr  avia-builder-el-last '   itemprop=\"image\" itemscope=\"itemscope\" itemtype=\"https:\/\/schema.org\/ImageObject\" ><div class=\"avia-image-container-inner\"><div class=\"avia-image-overlay-wrap\"><a href=\"http:\/\/hexanova.pl\/en\/dermatology\/\" class='avia_image '  aria-label='dermatologia'><img decoding=\"async\" width=\"302\" height=\"202\" fetchpriority=\"high\" class='wp-image-3378 avia-img-lazy-loading-not-3378 avia_image ' src=\"http:\/\/hexanova.pl\/wp-content\/uploads\/2013\/12\/dermatologia.jpg\" alt='' title='dermatologia'   itemprop=\"thumbnailUrl\" srcset=\"https:\/\/hexanova.pl\/wp-content\/uploads\/2013\/12\/dermatologia.jpg 302w, https:\/\/hexanova.pl\/wp-content\/uploads\/2013\/12\/dermatologia-300x200.jpg 300w\" sizes=\"(max-width: 302px) 100vw, 302px\" \/><\/a><\/div><\/div><\/div><\/p><\/div>\n\n<style type=\"text\/css\" data-created_by=\"avia_inline_auto\" id=\"style-css-av-av_one_third-0aa7055fe62c3622faec82866afbaeb2\">\n.flex_column.av-av_one_third-0aa7055fe62c3622faec82866afbaeb2{\nborder-radius:0px 0px 0px 0px;\npadding:0px 0px 0px 0px;\n}\n<\/style>\n<div  class='flex_column av-av_one_third-0aa7055fe62c3622faec82866afbaeb2 av_one_third  avia-builder-el-16  el_after_av_one_third  el_before_av_hr  flex_column_div av-zero-column-padding  '     ><p>\n<style type=\"text\/css\" data-created_by=\"avia_inline_auto\" id=\"style-css-av-av_heading-f51981d3565577c30391096c926eca02\">\n#top .av-special-heading.av-av_heading-f51981d3565577c30391096c926eca02{\npadding-bottom:10px;\n}\nbody .av-special-heading.av-av_heading-f51981d3565577c30391096c926eca02 .av-special-heading-tag .heading-char{\nfont-size:25px;\n}\n.av-special-heading.av-av_heading-f51981d3565577c30391096c926eca02 .av-subheading{\nfont-size:10px;\n}\n<\/style>\n<div  class='av-special-heading av-av_heading-f51981d3565577c30391096c926eca02 av-special-heading-h3  avia-builder-el-17  el_before_av_hr  avia-builder-el-first '><h3 class='av-special-heading-tag '  itemprop=\"headline\"  >Newness<\/h3><div class=\"special-heading-border\"><div class=\"special-heading-inner-border\"><\/div><\/div><\/div><br \/>\n\n<style type=\"text\/css\" data-created_by=\"avia_inline_auto\" id=\"style-css-av-av_hr-bd84104f09c397338597807ab31c6aca\">\n#top .hr.hr-invisible.av-av_hr-bd84104f09c397338597807ab31c6aca{\nheight:15px;\n}\n<\/style>\n<div  class='hr av-av_hr-bd84104f09c397338597807ab31c6aca hr-invisible  avia-builder-el-18  el_after_av_heading  el_before_av_image '><span class='hr-inner '><span class=\"hr-inner-style\"><\/span><\/span><\/div><br \/>\n\n<style type=\"text\/css\" data-created_by=\"avia_inline_auto\" id=\"style-css-av-av_image-2573ced5c91af54d0f8c6b8b4d48d058\">\n.avia-image-container.av-av_image-2573ced5c91af54d0f8c6b8b4d48d058 img.avia_image{\nbox-shadow:none;\n}\n.avia-image-container.av-av_image-2573ced5c91af54d0f8c6b8b4d48d058 .av-image-caption-overlay-center{\ncolor:#ffffff;\n}\n<\/style>\n<div  class='avia-image-container av-av_image-2573ced5c91af54d0f8c6b8b4d48d058 av-styling- av-img-linked avia-align-center  avia-builder-el-19  el_after_av_hr  avia-builder-el-last '   itemprop=\"image\" itemscope=\"itemscope\" itemtype=\"https:\/\/schema.org\/ImageObject\" ><div class=\"avia-image-container-inner\"><div class=\"avia-image-overlay-wrap\"><a href=\"http:\/\/hexanova.pl\/en\/gynecology\/lactinova-femina\" class='avia_image '  aria-label='lactinova-opakowanie-sm2'><img decoding=\"async\" fetchpriority=\"high\" class='wp-image-3144 avia-img-lazy-loading-not-3144 avia_image ' src=\"https:\/\/hexanova.pl\/wp-content\/uploads\/2019\/02\/lactinova-opakowanie-sm2-300x201.png\" alt='lactinova femina' title='lactinova-opakowanie-sm2'  height=\"201\" width=\"300\"  itemprop=\"thumbnailUrl\" srcset=\"https:\/\/hexanova.pl\/wp-content\/uploads\/2019\/02\/lactinova-opakowanie-sm2-300x201.png 300w, https:\/\/hexanova.pl\/wp-content\/uploads\/2019\/02\/lactinova-opakowanie-sm2.png 302w\" sizes=\"(max-width: 300px) 100vw, 300px\" \/><\/a><\/div><\/div><\/div><\/p><\/div>\n\n<style type=\"text\/css\" data-created_by=\"avia_inline_auto\" id=\"style-css-av-av_hr-2683186cf6c434c3fdebf44adb9dc21f\">\n#top .hr.hr-invisible.av-av_hr-2683186cf6c434c3fdebf44adb9dc21f{\nheight:20px;\n}\n<\/style>\n<div  class='hr av-av_hr-2683186cf6c434c3fdebf44adb9dc21f hr-invisible  avia-builder-el-20  el_after_av_one_third  el_before_av_section  avia-builder-el-last '><span class='hr-inner '><span class=\"hr-inner-style\"><\/span><\/span><\/div>\n<\/div><\/div><\/div><!-- close content main div --><\/div><\/div><div id='av_section_1'  class='avia-section av-av_section-362549fffc3f5708c44aab2e9b5944d7 main_color avia-section-default avia-shadow  avia-builder-el-21  el_after_av_hr  avia-builder-el-last  avia-bg-style-fixed container_wrap sidebar_left'  ><div class='container av-section-cont-open' ><div class='template-page content  av-content-small units'><div class='post-entry post-entry-type-page post-entry-2986'><div class='entry-content-wrapper clearfix'>\n<section  class='av_textblock_section av-av_textblock-2989cb1a500f76248ec894598f4e8e5e '   itemscope=\"itemscope\" itemtype=\"https:\/\/schema.org\/CreativeWork\" ><div class='avia_textblock'  itemprop=\"text\" ><h3 style=\"text-align: center;\"><span style=\"color: #ffffff;\">\u00a0\u00a0\u00a0 &#8220;Nasz\u0105 misj\u0105 jest wspieranie os\u00f3b, kt\u00f3re chc\u0105 zdrowiej i lepiej \u017cy\u0107. Je\u015bli i Ty do nich nale\u017cysz \u2013 sprawd\u017a koniecznie nasze produkty!&#8221;<br \/>\n<\/span><\/h3>\n<p style=\"text-align: center;\"><span style=\"color: #ffffff;\">\u00a0\u00a0\u00a0 \u2212 Hexanova<\/span><\/p>\n<\/div><\/section>\n<\/div><\/div><\/div><!-- close content main div --><\/div><\/div><div id='after_section_1'  class='main_color av_default_container_wrap container_wrap sidebar_left'  ><div class='container av-section-cont-open' ><div class='template-page content  av-content-small units'><div class='post-entry post-entry-type-page post-entry-2986'><div class='entry-content-wrapper clearfix'>\n","protected":false},"excerpt":{"rendered":"","protected":false},"author":6,"featured_media":0,"parent":1547,"menu_order":0,"comment_status":"open","ping_status":"closed","template":"","meta":{"footnotes":""},"class_list":["post-2986","page","type-page","status-publish","hentry"],"aioseo_notices":[],"_links":{"self":[{"href":"https:\/\/hexanova.pl\/en\/wp-json\/wp\/v2\/pages\/2986","targetHints":{"allow":["GET"]}}],"collection":[{"href":"https:\/\/hexanova.pl\/en\/wp-json\/wp\/v2\/pages"}],"about":[{"href":"https:\/\/hexanova.pl\/en\/wp-json\/wp\/v2\/types\/page"}],"author":[{"embeddable":true,"href":"https:\/\/hexanova.pl\/en\/wp-json\/wp\/v2\/users\/6"}],"replies":[{"embeddable":true,"href":"https:\/\/hexanova.pl\/en\/wp-json\/wp\/v2\/comments?post=2986"}],"version-history":[{"count":16,"href":"https:\/\/hexanova.pl\/en\/wp-json\/wp\/v2\/pages\/2986\/revisions"}],"predecessor-version":[{"id":4360,"href":"https:\/\/hexanova.pl\/en\/wp-json\/wp\/v2\/pages\/2986\/revisions\/4360"}],"up":[{"embeddable":true,"href":"https:\/\/hexanova.pl\/en\/wp-json\/wp\/v2\/pages\/1547"}],"wp:attachment":[{"href":"https:\/\/hexanova.pl\/en\/wp-json\/wp\/v2\/media?parent=2986"}],"curies":[{"name":"wp","href":"https:\/\/api.w.org\/{rel}","templated":true}]}}