{"id":1717,"date":"2015-11-30T21:47:04","date_gmt":"2015-11-30T20:47:04","guid":{"rendered":"http:\/\/hexanova.pl\/?page_id=1717&#038;lang=en"},"modified":"2015-11-30T21:47:20","modified_gmt":"2015-11-30T20:47:20","slug":"other-products","status":"publish","type":"page","link":"https:\/\/hexanova.pl\/en\/other-products\/","title":{"rendered":"Other Products"},"content":{"rendered":"<div id='full_slider_1'  class='avia-fullwidth-slider main_color avia-shadow   avia-builder-el-0  el_before_av_textblock  avia-builder-el-first   container_wrap sidebar_left'  ><div  class='avia-slideshow av-av_slideshow_full-04e41d3eb017dd0778d381563910c2ea avia-slideshow-featured av_slideshow_full avia-slide-slider av-slideshow-ui av-control-default av-slideshow-manual av-loop-once av-loop-manual-endless av-default-height-applied   avia-slideshow-1' data-slideshow-options=\"{&quot;animation&quot;:&quot;slide&quot;,&quot;autoplay&quot;:false,&quot;loop_autoplay&quot;:&quot;once&quot;,&quot;interval&quot;:5,&quot;loop_manual&quot;:&quot;manual-endless&quot;,&quot;autoplay_stopper&quot;:false,&quot;noNavigation&quot;:false,&quot;bg_slider&quot;:false,&quot;keep_padding&quot;:false,&quot;hoverpause&quot;:false,&quot;show_slide_delay&quot;:0}\"  itemprop=\"image\" itemscope=\"itemscope\" itemtype=\"https:\/\/schema.org\/ImageObject\" ><ul class='avia-slideshow-inner ' style='padding-bottom: 28.666666666667%;'><li  class='avia-slideshow-slide av-av_slideshow_full-04e41d3eb017dd0778d381563910c2ea__0  av-single-slide slide-1 slide-odd'><div data-rel='slideshow-1' class='avia-slide-wrap '   ><img decoding=\"async\" fetchpriority=\"high\" class=\"wp-image-3454 avia-img-lazy-loading-not-3454\"  src=\"https:\/\/hexanova.pl\/wp-content\/uploads\/2013\/12\/inne-produkty-hexanova-1500x430.jpg\" width=\"1500\" height=\"430\" title='inne-produkty-hexanova' alt=''  itemprop=\"thumbnailUrl\" srcset=\"https:\/\/hexanova.pl\/wp-content\/uploads\/2013\/12\/inne-produkty-hexanova.jpg 1500w, https:\/\/hexanova.pl\/wp-content\/uploads\/2013\/12\/inne-produkty-hexanova-300x86.jpg 300w, https:\/\/hexanova.pl\/wp-content\/uploads\/2013\/12\/inne-produkty-hexanova-1030x295.jpg 1030w, https:\/\/hexanova.pl\/wp-content\/uploads\/2013\/12\/inne-produkty-hexanova-705x202.jpg 705w, https:\/\/hexanova.pl\/wp-content\/uploads\/2013\/12\/inne-produkty-hexanova-450x129.jpg 450w\" sizes=\"(max-width: 1500px) 100vw, 1500px\" \/><\/div><\/li><\/ul><\/div><\/div><div id='after_full_slider_1'  class='main_color av_default_container_wrap container_wrap sidebar_left'  ><div class='container av-section-cont-open' ><div class='template-page content  av-content-small units'><div class='post-entry post-entry-type-page post-entry-1717'><div class='entry-content-wrapper clearfix'>\n<section  class='av_textblock_section av-av_textblock-0366cc7376be6c9e82a3e9cc8987b64f '   itemscope=\"itemscope\" itemtype=\"https:\/\/schema.org\/CreativeWork\" ><div class='avia_textblock'  itemprop=\"text\" ><p style=\"text-align: center;\">Poza produktami z zakresu dermatologii i ginekologii takimi jak <strong>globulki dopochwowe HEXAGYN DUO\u00ae, <strong>kapsu\u0142ki dopochwowe HEXATIAB\u00ae<\/strong>, \u017cel HEXATIAB\u00ae<\/strong> czy wspomagaj\u0105cy zap\u0142odnienie <strong>\u017cel dopochwowy PRE-SEED<sup>\u00ae<\/sup><\/strong> &#8211; oferujemy suplementy diety i \u015brodki specjalnego przeznaczenia \u017cywieniowego zgodnie ze standardem HACAP i GMP. Nasza firma dostarcza innowacyjne rozwi\u0105zania z zakresu medycyny i farmacji.<\/p>\n<\/div><\/section>\n<\/div><\/div><\/div><!-- close content main div --><\/div><\/div><div id='av_section_1'  class='avia-section av-av_section-362549fffc3f5708c44aab2e9b5944d7 main_color avia-section-default avia-shadow  avia-builder-el-2  el_after_av_textblock  el_before_av_hr  avia-bg-style-fixed container_wrap sidebar_left'  ><div class='container av-section-cont-open' ><div class='template-page content  av-content-small units'><div class='post-entry post-entry-type-page post-entry-1717'><div class='entry-content-wrapper clearfix'>\n<section  class='av_textblock_section av-av_textblock-2989cb1a500f76248ec894598f4e8e5e '   itemscope=\"itemscope\" itemtype=\"https:\/\/schema.org\/CreativeWork\" ><div class='avia_textblock'  itemprop=\"text\" ><h3 style=\"text-align: center;\"><span style=\"color: #ffffff;\">\u00a0\u00a0\u00a0 &#8220;Wykonujemy produkty na zlecenie. Zapraszamy do wsp\u00f3\u0142pracy. Sprawd\u017a ju\u017c dzi\u015b nasze mo\u017cliwo\u015bci!&#8221;<\/span><\/h3>\n<p style=\"text-align: center;\"><span style=\"color: #ffffff;\">\u00a0\u00a0\u00a0 \u2212 Hexanova<\/span><\/p>\n<\/div><\/section>\n<\/div><\/div><\/div><!-- close content main div --><\/div><\/div><div id='after_section_1'  class='main_color av_default_container_wrap container_wrap sidebar_left'  ><div class='container av-section-cont-open' ><div class='template-page content  av-content-small units'><div class='post-entry post-entry-type-page post-entry-1717'><div class='entry-content-wrapper clearfix'>\n\n<style type=\"text\/css\" data-created_by=\"avia_inline_auto\" id=\"style-css-av-av_hr-2683186cf6c434c3fdebf44adb9dc21f\">\n#top .hr.hr-invisible.av-av_hr-2683186cf6c434c3fdebf44adb9dc21f{\nheight:20px;\n}\n<\/style>\n<div  class='hr av-av_hr-2683186cf6c434c3fdebf44adb9dc21f hr-invisible  avia-builder-el-4  el_after_av_section  el_before_av_one_third  avia-builder-el-first '><span class='hr-inner '><span class=\"hr-inner-style\"><\/span><\/span><\/div>\n<div  class='flex_column av-av_one_third-2a9015ff38129c418a3f2eafba3e9512 av_one_third  avia-builder-el-5  el_after_av_hr  avia-builder-el-last  first flex_column_div  '     ><p>\n<style type=\"text\/css\" data-created_by=\"avia_inline_auto\" id=\"style-css-av-av_heading-bab7fa5499409a090ce74b8dedaab4a3\">\n#top .av-special-heading.av-av_heading-bab7fa5499409a090ce74b8dedaab4a3{\npadding-bottom:10px;\n}\nbody .av-special-heading.av-av_heading-bab7fa5499409a090ce74b8dedaab4a3 .av-special-heading-tag .heading-char{\nfont-size:25px;\n}\n.av-special-heading.av-av_heading-bab7fa5499409a090ce74b8dedaab4a3 .av-subheading{\nfont-size:15px;\n}\n<\/style>\n<div  class='av-special-heading av-av_heading-bab7fa5499409a090ce74b8dedaab4a3 av-special-heading-h3  avia-builder-el-6  el_before_av_one_third  avia-builder-el-first '><h3 class='av-special-heading-tag '  itemprop=\"headline\"  >Ginekologia<\/h3><div class=\"special-heading-border\"><div class=\"special-heading-inner-border\"><\/div><\/div><\/div><br \/>\n\n<style type=\"text\/css\" data-created_by=\"avia_inline_auto\" id=\"style-css-av-av_hr-080c36bb62e965ffaa6a99ded9c7840c\">\n#top .hr.hr-invisible.av-av_hr-080c36bb62e965ffaa6a99ded9c7840c{\nheight:15px;\n}\n<\/style>\n<div  class='hr av-av_hr-080c36bb62e965ffaa6a99ded9c7840c hr-invisible  avia-builder-el-7  el_before_av_image  avia-builder-el-first '><span class='hr-inner '><span class=\"hr-inner-style\"><\/span><\/span><\/div><br \/>\n\n<style type=\"text\/css\" data-created_by=\"avia_inline_auto\" id=\"style-css-av-av_image-0df2cfdcf07242482cbd4602e69427e6\">\n.avia-image-container.av-av_image-0df2cfdcf07242482cbd4602e69427e6 img.avia_image{\nbox-shadow:none;\n}\n.avia-image-container.av-av_image-0df2cfdcf07242482cbd4602e69427e6 .av-image-caption-overlay-center{\ncolor:#ffffff;\n}\n<\/style>\n<div  class='avia-image-container av-av_image-0df2cfdcf07242482cbd4602e69427e6 av-styling- av-img-linked avia-align-center  avia-builder-el-8  el_after_av_hr  avia-builder-el-last '   itemprop=\"image\" itemscope=\"itemscope\" itemtype=\"https:\/\/schema.org\/ImageObject\" ><div class=\"avia-image-container-inner\"><div class=\"avia-image-overlay-wrap\"><a href=\"https:\/\/hexanova.pl\/ginekologia\/\" class='avia_image '  aria-label='ginekologia'><img decoding=\"async\" width=\"302\" height=\"202\" fetchpriority=\"high\" class='wp-image-3379 avia-img-lazy-loading-not-3379 avia_image ' src=\"http:\/\/hexanova.pl\/wp-content\/uploads\/2013\/12\/ginekologia.jpg\" alt='' title='ginekologia'   itemprop=\"thumbnailUrl\" srcset=\"https:\/\/hexanova.pl\/wp-content\/uploads\/2013\/12\/ginekologia.jpg 302w, https:\/\/hexanova.pl\/wp-content\/uploads\/2013\/12\/ginekologia-300x200.jpg 300w\" sizes=\"(max-width: 302px) 100vw, 302px\" \/><\/a><\/div><\/div><\/div><\/p><\/div>\n<div  class='flex_column av-av_one_third-b51168870d26eac9084c0e2dc495efe0 av_one_third  avia-builder-el-9  el_after_av_heading  el_before_av_one_third  flex_column_div  '     ><p>\n<style type=\"text\/css\" data-created_by=\"avia_inline_auto\" id=\"style-css-av-av_heading-59c485922b08ae1a43c70b3f0727ed37\">\n#top .av-special-heading.av-av_heading-59c485922b08ae1a43c70b3f0727ed37{\npadding-bottom:10px;\n}\nbody .av-special-heading.av-av_heading-59c485922b08ae1a43c70b3f0727ed37 .av-special-heading-tag .heading-char{\nfont-size:25px;\n}\n.av-special-heading.av-av_heading-59c485922b08ae1a43c70b3f0727ed37 .av-subheading{\nfont-size:15px;\n}\n<\/style>\n<div  class='av-special-heading av-av_heading-59c485922b08ae1a43c70b3f0727ed37 av-special-heading-h3  avia-builder-el-10  el_before_av_hr  avia-builder-el-first '><h3 class='av-special-heading-tag '  itemprop=\"headline\"  >Dermatologia<\/h3><div class=\"special-heading-border\"><div class=\"special-heading-inner-border\"><\/div><\/div><\/div><br \/>\n\n<style type=\"text\/css\" data-created_by=\"avia_inline_auto\" id=\"style-css-av-av_hr-bd84104f09c397338597807ab31c6aca\">\n#top .hr.hr-invisible.av-av_hr-bd84104f09c397338597807ab31c6aca{\nheight:15px;\n}\n<\/style>\n<div  class='hr av-av_hr-bd84104f09c397338597807ab31c6aca hr-invisible  avia-builder-el-11  el_after_av_heading  el_before_av_image '><span class='hr-inner '><span class=\"hr-inner-style\"><\/span><\/span><\/div><br \/>\n\n<style type=\"text\/css\" data-created_by=\"avia_inline_auto\" id=\"style-css-av-av_image-062c1bad42b6bbbee68681b4114d9aa4\">\n.avia-image-container.av-av_image-062c1bad42b6bbbee68681b4114d9aa4 img.avia_image{\nbox-shadow:none;\n}\n.avia-image-container.av-av_image-062c1bad42b6bbbee68681b4114d9aa4 .av-image-caption-overlay-center{\ncolor:#ffffff;\n}\n<\/style>\n<div  class='avia-image-container av-av_image-062c1bad42b6bbbee68681b4114d9aa4 av-styling- av-img-linked avia-align-center  avia-builder-el-12  el_after_av_hr  avia-builder-el-last '   itemprop=\"image\" itemscope=\"itemscope\" itemtype=\"https:\/\/schema.org\/ImageObject\" ><div class=\"avia-image-container-inner\"><div class=\"avia-image-overlay-wrap\"><a href=\"https:\/\/hexanova.pl\/dermatologia\/\" class='avia_image '  aria-label='dermatologia'><img decoding=\"async\" width=\"302\" height=\"202\" fetchpriority=\"high\" class='wp-image-3378 avia-img-lazy-loading-not-3378 avia_image ' src=\"http:\/\/hexanova.pl\/wp-content\/uploads\/2013\/12\/dermatologia.jpg\" alt='' title='dermatologia'   itemprop=\"thumbnailUrl\" srcset=\"https:\/\/hexanova.pl\/wp-content\/uploads\/2013\/12\/dermatologia.jpg 302w, https:\/\/hexanova.pl\/wp-content\/uploads\/2013\/12\/dermatologia-300x200.jpg 300w\" sizes=\"(max-width: 302px) 100vw, 302px\" \/><\/a><\/div><\/div><\/div><\/p><\/div>\n<div  class='flex_column av-av_one_third-b51168870d26eac9084c0e2dc495efe0 av_one_third  avia-builder-el-13  el_after_av_one_third  avia-builder-el-last  flex_column_div  '     ><p>\n<style type=\"text\/css\" data-created_by=\"avia_inline_auto\" id=\"style-css-av-av_heading-2ed048b2b69f5ade16222616ad1c1a01\">\n#top .av-special-heading.av-av_heading-2ed048b2b69f5ade16222616ad1c1a01{\npadding-bottom:10px;\n}\nbody .av-special-heading.av-av_heading-2ed048b2b69f5ade16222616ad1c1a01 .av-special-heading-tag .heading-char{\nfont-size:25px;\n}\n.av-special-heading.av-av_heading-2ed048b2b69f5ade16222616ad1c1a01 .av-subheading{\nfont-size:10px;\n}\n<\/style>\n<div  class='av-special-heading av-av_heading-2ed048b2b69f5ade16222616ad1c1a01 av-special-heading-h3  avia-builder-el-14  el_before_av_hr  avia-builder-el-first '><h3 class='av-special-heading-tag '  itemprop=\"headline\"  >Nowo\u015b\u0107<\/h3><div class=\"special-heading-border\"><div class=\"special-heading-inner-border\"><\/div><\/div><\/div><br \/>\n\n<style type=\"text\/css\" data-created_by=\"avia_inline_auto\" id=\"style-css-av-av_hr-bd84104f09c397338597807ab31c6aca\">\n#top .hr.hr-invisible.av-av_hr-bd84104f09c397338597807ab31c6aca{\nheight:15px;\n}\n<\/style>\n<div  class='hr av-av_hr-bd84104f09c397338597807ab31c6aca hr-invisible  avia-builder-el-15  el_after_av_heading  el_before_av_image '><span class='hr-inner '><span class=\"hr-inner-style\"><\/span><\/span><\/div><br \/>\n\n<style type=\"text\/css\" data-created_by=\"avia_inline_auto\" id=\"style-css-av-av_image-f66fcb08886905eeff7f2ba6d322d2b2\">\n.avia-image-container.av-av_image-f66fcb08886905eeff7f2ba6d322d2b2 img.avia_image{\nbox-shadow:none;\n}\n.avia-image-container.av-av_image-f66fcb08886905eeff7f2ba6d322d2b2 .av-image-caption-overlay-center{\ncolor:#ffffff;\n}\n<\/style>\n<div  class='avia-image-container av-av_image-f66fcb08886905eeff7f2ba6d322d2b2 av-styling- av-img-linked avia-align-center  avia-builder-el-16  el_after_av_hr  avia-builder-el-last '   itemprop=\"image\" itemscope=\"itemscope\" itemtype=\"https:\/\/schema.org\/ImageObject\" ><div class=\"avia-image-container-inner\"><div class=\"avia-image-overlay-wrap\"><a href=\"https:\/\/hexanova.pl\/aktualnosci\/\" class='avia_image '  aria-label='HEXATIAB-kaps2'><img decoding=\"async\" width=\"302\" height=\"202\" fetchpriority=\"high\" class='wp-image-3476 avia-img-lazy-loading-not-3476 avia_image ' src=\"http:\/\/hexanova.pl\/wp-content\/uploads\/2013\/12\/HEXATIAB-kaps2.jpg\" alt='' title='HEXATIAB-kaps2'   itemprop=\"thumbnailUrl\" srcset=\"https:\/\/hexanova.pl\/wp-content\/uploads\/2013\/12\/HEXATIAB-kaps2.jpg 302w, https:\/\/hexanova.pl\/wp-content\/uploads\/2013\/12\/HEXATIAB-kaps2-300x200.jpg 300w\" sizes=\"(max-width: 302px) 100vw, 302px\" \/><\/a><\/div><\/div><\/div><\/p><\/div>\n","protected":false},"excerpt":{"rendered":"","protected":false},"author":4,"featured_media":0,"parent":0,"menu_order":0,"comment_status":"open","ping_status":"closed","template":"","meta":{"footnotes":""},"class_list":["post-1717","page","type-page","status-publish","hentry"],"aioseo_notices":[],"_links":{"self":[{"href":"https:\/\/hexanova.pl\/en\/wp-json\/wp\/v2\/pages\/1717","targetHints":{"allow":["GET"]}}],"collection":[{"href":"https:\/\/hexanova.pl\/en\/wp-json\/wp\/v2\/pages"}],"about":[{"href":"https:\/\/hexanova.pl\/en\/wp-json\/wp\/v2\/types\/page"}],"author":[{"embeddable":true,"href":"https:\/\/hexanova.pl\/en\/wp-json\/wp\/v2\/users\/4"}],"replies":[{"embeddable":true,"href":"https:\/\/hexanova.pl\/en\/wp-json\/wp\/v2\/comments?post=1717"}],"version-history":[{"count":2,"href":"https:\/\/hexanova.pl\/en\/wp-json\/wp\/v2\/pages\/1717\/revisions"}],"predecessor-version":[{"id":1719,"href":"https:\/\/hexanova.pl\/en\/wp-json\/wp\/v2\/pages\/1717\/revisions\/1719"}],"wp:attachment":[{"href":"https:\/\/hexanova.pl\/en\/wp-json\/wp\/v2\/media?parent=1717"}],"curies":[{"name":"wp","href":"https:\/\/api.w.org\/{rel}","templated":true}]}}